{"id":573,"date":"2025-09-07T16:17:27","date_gmt":"2025-09-07T14:17:27","guid":{"rendered":"http:\/\/wp.heimatverein-nikolausberg.de\/?page_id=573"},"modified":"2025-10-29T20:03:09","modified_gmt":"2025-10-29T19:03:09","slug":"neues-heimatmuseum","status":"publish","type":"page","link":"https:\/\/www.heimatverein-nikolausberg.de\/index.php\/neues-heimatmuseum","title":{"rendered":"Heimatmuseum"},"content":{"rendered":"\n<p class=\"has-large-font-size\"><strong>Der Bestand<\/strong><\/p>\n\n\n\n<p>Bereits 2018 hatte der Heimatverein durch den  <a href=\"https:\/\/landschaftsverband.org\/\" target=\"_blank\" rel=\"noreferrer noopener\">Landschaftverband<\/a> S\u00fcdniedersachsen \u00fcber Frau Vettel und Frau Engelhardt professionelle Hilfe beim Katalogisieren und Digitalisieren der gesammelten Exponate erhalten. Es wurde jedes Objekt vermessen, fotografiert, beschrieben. Anhand der sogenannten &#8222;<strong>Hessischen Systematik<\/strong>&#8220; (s. <a href=\"https:\/\/museumsverband-hessen.de\/veroeffentlichung\/\" target=\"_blank\" rel=\"noreferrer noopener\">Museumsverband Hessen<\/a>) wurden die Objekte inventarisiert und mit einer Artikelnummer versehen. Der Landschaftsverband unterst\u00fctzte das Projekt zudem durch eine projektbezogene Zuwendung von 3.300 \u20ac. Neben der professionellen Hilfe sind wir unseren Mitgliedern und damaligen Vorst\u00e4nden Susanne Adams-Helbich und Gabriele Jahn zu gro\u00dfem Dank verpflichtet.<\/p>\n\n\n\n<p>Inzwischen sind fast alle Gegenst\u00e4nde (n = 413) in der Erfassungsdatenbank <strong>kuniweb<\/strong> <a href=\"https:\/\/www.gbv.de\/informationen\/Verbundzentrale\/serviceangebote\/kuniweb\" target=\"_blank\" rel=\"noreferrer noopener\">GBV Informationen<\/a> aufgenommen worden. Unser Dank f\u00fcr die profunde Betreuung der Plattform geht an Frau Pallasch von der Digitalen Bibliothek der Verbundzentrale des GBV. Hier ein Beispiel aus der Datenbank:<\/p>\n\n\n\n<div style=\"height:30px\" aria-hidden=\"true\" class=\"wp-block-spacer\"><\/div>\n\n\n\n<figure class=\"wp-block-image size-large\"><img loading=\"lazy\" decoding=\"async\" width=\"1024\" height=\"489\" src=\"http:\/\/wp.heimatverein-nikolausberg.de\/wp-content\/uploads\/2025\/09\/kuniweb-bestand-1024x489.jpg\" alt=\"\" class=\"wp-image-574\" srcset=\"https:\/\/www.heimatverein-nikolausberg.de\/wp-content\/uploads\/2025\/09\/kuniweb-bestand-1024x489.jpg 1024w, https:\/\/www.heimatverein-nikolausberg.de\/wp-content\/uploads\/2025\/09\/kuniweb-bestand-300x143.jpg 300w, https:\/\/www.heimatverein-nikolausberg.de\/wp-content\/uploads\/2025\/09\/kuniweb-bestand-768x367.jpg 768w, https:\/\/www.heimatverein-nikolausberg.de\/wp-content\/uploads\/2025\/09\/kuniweb-bestand.jpg 1266w\" sizes=\"auto, (max-width: 1024px) 100vw, 1024px\" \/><\/figure>\n\n\n\n<p>Im Portal &#8222;<strong>Kulturerbe Niedersachsen<\/strong>&#8220; k\u00f6nnen derzeit 43 ausgew\u00e4hlte Objekte unter Nutzung des Pfads <a href=\"https:\/\/kulturerbe.niedersachsen.de\/entdecken\/-\/Nikolausberg\/1\/-\/-\/\" target=\"_blank\" rel=\"noreferrer noopener\">Entdecken &#8211; Kulturerbe &#8211; Niedersachsen<\/a> angesehen werden. Hier erfolgte die Unterst\u00fctzung durch Frau Kalla vom Landschaftsverband.<\/p>\n\n\n\n<div style=\"height:40px\" aria-hidden=\"true\" class=\"wp-block-spacer\"><\/div>\n\n\n\n<figure class=\"wp-block-table\"><table class=\"has-fixed-layout\"><tbody><tr><td class=\"has-text-align-center\" data-align=\"center\"><img loading=\"lazy\" decoding=\"async\" width=\"400\" height=\"364\" class=\"wp-image-575\" style=\"width: 400px;\" src=\"http:\/\/wp.heimatverein-nikolausberg.de\/wp-content\/uploads\/2025\/09\/Herd-museum-kuniweb.png\" alt=\"\" srcset=\"https:\/\/www.heimatverein-nikolausberg.de\/wp-content\/uploads\/2025\/09\/Herd-museum-kuniweb.png 404w, https:\/\/www.heimatverein-nikolausberg.de\/wp-content\/uploads\/2025\/09\/Herd-museum-kuniweb-300x273.png 300w\" sizes=\"auto, (max-width: 400px) 100vw, 400px\" \/><\/td><\/tr><tr><td class=\"has-text-align-center\" data-align=\"center\"><img loading=\"lazy\" decoding=\"async\" width=\"600\" height=\"354\" class=\"wp-image-601\" style=\"width: 600px;\" src=\"http:\/\/wp.heimatverein-nikolausberg.de\/wp-content\/uploads\/2025\/09\/Kulturerbe-niedersachsen-2.png\" alt=\"\" srcset=\"https:\/\/www.heimatverein-nikolausberg.de\/wp-content\/uploads\/2025\/09\/Kulturerbe-niedersachsen-2.png 919w, https:\/\/www.heimatverein-nikolausberg.de\/wp-content\/uploads\/2025\/09\/Kulturerbe-niedersachsen-2-300x177.png 300w, https:\/\/www.heimatverein-nikolausberg.de\/wp-content\/uploads\/2025\/09\/Kulturerbe-niedersachsen-2-768x453.png 768w\" sizes=\"auto, (max-width: 600px) 100vw, 600px\" \/><\/td><\/tr><\/tbody><\/table><\/figure>\n\n\n\n<p>Quelle: <a href=\"https:\/\/kulturerbe.niedersachsen.de\/objekt\/record_kuniweb_1312188\/\" target=\"_blank\" rel=\"noreferrer noopener\">Kulturerbe Niedersachsen<\/a><\/p>\n\n\n\n<div style=\"height:30px\" aria-hidden=\"true\" class=\"wp-block-spacer\"><\/div>\n\n\n\n<p class=\"has-large-font-size\"><strong>Die Museumsr\u00e4ume<\/strong><\/p>\n\n\n\n<p>Nach dem 2018 aus finanziellen Gr\u00fcnden gescheiterten Projekt &#8222;Dat oale Huus&#8220; wurde l\u00e4ngere Zeit erfolglos ein alternativer <strong>Ort f\u00fcr die Pr\u00e4sentation<\/strong> des Heimatmuseums gesucht.<br><br>Schlie\u00dflich beschloss der Vorstand, die Sammlung doch wie gewohnt im <strong>Dachgeschoss der Otto-Nolte-Halle<\/strong> auszustellen. Dazu wurden aber ab Mitte 2019 die beiden Museumsr\u00e4ume umgestaltet und mit LED-Beleuchtungen versehen. Die Kosten f\u00fcr die museale Ert\u00fcch\u00adtigung lagen bei mehr als 8.000 \u20ac, die durch gro\u00dfz\u00fcgige Spenden des Oktobermarkts, der Volksbank, des Ortsrats und eines privaten Einzelspenders aus dem Ort, aber auch durch Kleinspenden getragen werden konnten.<\/p>\n\n\n\n<p>In den \u201erunderneuerten\u201c und nun auch mit Vitrinen &#8211; u.a. aus der ehemaligen Sparkasse &#8211; best\u00fcckten R\u00e4umen wurde ein neues Museumskonzept verwirklicht. Nun kann ein gro\u00dfer Teil der umfangreichen Sammlung aus dem Leben des Dorfes Nikolausberg der \u00d6ffentlichkeit sicher und zudem gut beleuchtet zug\u00e4nglich gemacht werden.<\/p>\n\n\n\n<p>Im Sp\u00e4tsommer 2022 wurde das Museum wiederer\u00f6ffnet. Dazu wurde vom damaligen Vorsitzenden Gunter Hartung ein umfassender Museums\u00ad\u00ad\u00adf\u00fchrer (Cover s. links) erstellt, der gedruckt beim Heimatverein bzw. beim Besuch des Museums erh\u00e4ltlich ist. Wer kann und m\u00f6chte darf daf\u00fcr auch eine kleine Spende geben. Er ist aber auch \u201eumsonst\u201c digital verf\u00fcgbar (s. Men\u00fcpunkt Download)<\/p>\n\n\n\n<div class=\"wp-block-media-text is-stacked-on-mobile\" style=\"grid-template-columns:15% auto\"><figure class=\"wp-block-media-text__media\"><img loading=\"lazy\" decoding=\"async\" width=\"291\" height=\"412\" src=\"http:\/\/wp.heimatverein-nikolausberg.de\/wp-content\/uploads\/2025\/09\/schusterkugel-muskruecke.png\" alt=\"\" class=\"wp-image-577 size-full\" srcset=\"https:\/\/www.heimatverein-nikolausberg.de\/wp-content\/uploads\/2025\/09\/schusterkugel-muskruecke.png 291w, https:\/\/www.heimatverein-nikolausberg.de\/wp-content\/uploads\/2025\/09\/schusterkugel-muskruecke-212x300.png 212w\" sizes=\"auto, (max-width: 291px) 100vw, 291px\" \/><\/figure><div class=\"wp-block-media-text__content\">\n<p>Wer also an der Geschichte des Alltags des Bergdorfes Nikolausberg interessiert ist und sich im Museum umschauen m\u00f6chte, melde sich bitte gern beim Vorsitzenden des Heimatvereins, Henning Andreae (Tel. 0551-23599) oder \u00fcber die E-Mail <a href=\"mailto:info@heimatverein-nikolausberg.de\">info@heimatverein-nikolausberg.de<\/a> an. Gruppengr\u00f6\u00dfen von etwa 10 Personen sind im Museum gut machbar. Sonst wird es \u201ea wengla\u201c eng!<\/p>\n\n\n\n<p>Wir weisen an dieser Stelle noch darauf hin, dass der <strong>Zugang zum Museum<\/strong> \u2013 Eingang erst im ersten Stock des Ger\u00e4teraums nach 17 Stufen &#8211; <strong>nicht barrierefrei<\/strong> ist.<\/p>\n<\/div><\/div>\n\n\n\n<p>Zudem muss f\u00fcr die Besichtigung des Museums &#8211; auch bei Nutzung des Nebeneingangs am Giebel der Turnhalle &#8211; die Sporthalle durchquert werden, so dass immer auf den Sport\u00adbetrieb in der Halle &#8211; und nat\u00fcrlich auf saubere Schuhe! &#8211; geachtet werden muss.<\/p>\n\n\n\n<div style=\"height:30px\" aria-hidden=\"true\" class=\"wp-block-spacer\"><\/div>\n\n\n\n<p class=\"has-large-font-size\"><strong>Impressionen aus dem Heimatmuseum<\/strong><\/p>\n\n\n\n<figure class=\"wp-block-gallery has-nested-images columns-default is-cropped wp-block-gallery-1 is-layout-flex wp-block-gallery-is-layout-flex\">\n<figure class=\"wp-block-image size-large\"><img loading=\"lazy\" decoding=\"async\" width=\"686\" height=\"915\" data-id=\"72\" src=\"http:\/\/wp.heimatverein-nikolausberg.de\/wp-content\/uploads\/2025\/07\/hv-raum-eingang-1.png\" alt=\"\" class=\"wp-image-72\" srcset=\"https:\/\/www.heimatverein-nikolausberg.de\/wp-content\/uploads\/2025\/07\/hv-raum-eingang-1.png 686w, https:\/\/www.heimatverein-nikolausberg.de\/wp-content\/uploads\/2025\/07\/hv-raum-eingang-1-225x300.png 225w\" sizes=\"auto, (max-width: 686px) 100vw, 686px\" \/><figcaption class=\"wp-element-caption\">Eingangsbereich Land- und Hauswirtschaftliche Objekte<\/figcaption><\/figure>\n\n\n\n<figure class=\"wp-block-image size-large\"><img loading=\"lazy\" decoding=\"async\" width=\"686\" height=\"915\" data-id=\"70\" src=\"http:\/\/wp.heimatverein-nikolausberg.de\/wp-content\/uploads\/2025\/07\/hv-raum-anrichte-5.png\" alt=\"\" class=\"wp-image-70\" srcset=\"https:\/\/www.heimatverein-nikolausberg.de\/wp-content\/uploads\/2025\/07\/hv-raum-anrichte-5.png 686w, https:\/\/www.heimatverein-nikolausberg.de\/wp-content\/uploads\/2025\/07\/hv-raum-anrichte-5-225x300.png 225w\" sizes=\"auto, (max-width: 686px) 100vw, 686px\" \/><figcaption class=\"wp-element-caption\">Anrichte mit Ausstattung von \u201eMutter Vollbrecht\u201c<\/figcaption><\/figure>\n<\/figure>\n\n\n\n<figure class=\"wp-block-gallery has-nested-images columns-default is-cropped wp-block-gallery-2 is-layout-flex wp-block-gallery-is-layout-flex\">\n<figure class=\"wp-block-image size-large\"><img loading=\"lazy\" decoding=\"async\" width=\"686\" height=\"915\" data-id=\"71\" src=\"http:\/\/wp.heimatverein-nikolausberg.de\/wp-content\/uploads\/2025\/07\/hv-raum-aufgang-museum-2.png\" alt=\"\" class=\"wp-image-71\" srcset=\"https:\/\/www.heimatverein-nikolausberg.de\/wp-content\/uploads\/2025\/07\/hv-raum-aufgang-museum-2.png 686w, https:\/\/www.heimatverein-nikolausberg.de\/wp-content\/uploads\/2025\/07\/hv-raum-aufgang-museum-2-225x300.png 225w\" sizes=\"auto, (max-width: 686px) 100vw, 686px\" \/><figcaption class=\"wp-element-caption\">Obergeschoss: Aufgang <\/figcaption><\/figure>\n\n\n\n<figure class=\"wp-block-image size-large\"><img loading=\"lazy\" decoding=\"async\" width=\"780\" height=\"590\" data-id=\"74\" src=\"http:\/\/wp.heimatverein-nikolausberg.de\/wp-content\/uploads\/2025\/07\/hv-raum-luftgalerie-7-1.png\" alt=\"\" class=\"wp-image-74\" srcset=\"https:\/\/www.heimatverein-nikolausberg.de\/wp-content\/uploads\/2025\/07\/hv-raum-luftgalerie-7-1.png 780w, https:\/\/www.heimatverein-nikolausberg.de\/wp-content\/uploads\/2025\/07\/hv-raum-luftgalerie-7-1-300x227.png 300w, https:\/\/www.heimatverein-nikolausberg.de\/wp-content\/uploads\/2025\/07\/hv-raum-luftgalerie-7-1-768x581.png 768w\" sizes=\"auto, (max-width: 780px) 100vw, 780px\" \/><figcaption class=\"wp-element-caption\">Arbeitsplatz mit Luftbildgalerie<\/figcaption><\/figure>\n<\/figure>\n\n\n\n<figure class=\"wp-block-gallery has-nested-images columns-default is-cropped wp-block-gallery-3 is-layout-flex wp-block-gallery-is-layout-flex\">\n<figure class=\"wp-block-image size-large\"><img loading=\"lazy\" decoding=\"async\" width=\"1024\" height=\"768\" data-id=\"591\" src=\"http:\/\/wp.heimatverein-nikolausberg.de\/wp-content\/uploads\/2025\/09\/hv-raum-regal-2.og-6-1024x768.png\" alt=\"\" class=\"wp-image-591\" srcset=\"https:\/\/www.heimatverein-nikolausberg.de\/wp-content\/uploads\/2025\/09\/hv-raum-regal-2.og-6-1024x768.png 1024w, https:\/\/www.heimatverein-nikolausberg.de\/wp-content\/uploads\/2025\/09\/hv-raum-regal-2.og-6-300x225.png 300w, https:\/\/www.heimatverein-nikolausberg.de\/wp-content\/uploads\/2025\/09\/hv-raum-regal-2.og-6-768x576.png 768w, https:\/\/www.heimatverein-nikolausberg.de\/wp-content\/uploads\/2025\/09\/hv-raum-regal-2.og-6.png 1220w\" sizes=\"auto, (max-width: 1024px) 100vw, 1024px\" \/><figcaption class=\"wp-element-caption\">Regal u.a. mit Schlachte-Utensilien, Fossilien <br>und im Hintergrund ein Spinnrad.<\/figcaption><\/figure>\n\n\n\n<figure class=\"wp-block-image size-large\"><img loading=\"lazy\" decoding=\"async\" width=\"686\" height=\"915\" data-id=\"590\" src=\"http:\/\/wp.heimatverein-nikolausberg.de\/wp-content\/uploads\/2025\/09\/hv-raum-vitrinen-lichtspiel-8-1-1.png\" alt=\"\" class=\"wp-image-590\" srcset=\"https:\/\/www.heimatverein-nikolausberg.de\/wp-content\/uploads\/2025\/09\/hv-raum-vitrinen-lichtspiel-8-1-1.png 686w, https:\/\/www.heimatverein-nikolausberg.de\/wp-content\/uploads\/2025\/09\/hv-raum-vitrinen-lichtspiel-8-1-1-225x300.png 225w\" sizes=\"auto, (max-width: 686px) 100vw, 686px\" \/><figcaption class=\"wp-element-caption\">Vitrinen mit Schusterwerkzeug, Petroleumlampen und N\u00e4hmaschinen sowie Kinderspielzeug<\/figcaption><\/figure>\n<\/figure>\n\n\n\n<p><strong>Foto-Quellen:<\/strong><br>Susanne Adams-Helbich, 2022; Nils Andreae, 2024<\/p>\n\n\n\n<p><\/p>\n","protected":false},"excerpt":{"rendered":"<p>Der Bestand Bereits 2018 hatte der Heimatverein durch den Landschaftverband S\u00fcdniedersachsen \u00fcber Frau Vettel und Frau Engelhardt professionelle Hilfe beim Katalogisieren und Digitalisieren der gesammelten Exponate erhalten. Es wurde jedes Objekt vermessen, fotografiert, beschrieben. Anhand der sogenannten &#8222;Hessischen Systematik&#8220; (s. Museumsverband Hessen) wurden die Objekte inventarisiert und mit einer Artikelnummer versehen. Der Landschaftsverband unterst\u00fctzte das [&hellip;]<\/p>\n","protected":false},"author":3,"featured_media":0,"parent":0,"menu_order":0,"comment_status":"closed","ping_status":"closed","template":"","meta":{"footnotes":""},"class_list":["post-573","page","type-page","status-publish","hentry"],"_links":{"self":[{"href":"https:\/\/www.heimatverein-nikolausberg.de\/index.php\/wp-json\/wp\/v2\/pages\/573","targetHints":{"allow":["GET"]}}],"collection":[{"href":"https:\/\/www.heimatverein-nikolausberg.de\/index.php\/wp-json\/wp\/v2\/pages"}],"about":[{"href":"https:\/\/www.heimatverein-nikolausberg.de\/index.php\/wp-json\/wp\/v2\/types\/page"}],"author":[{"embeddable":true,"href":"https:\/\/www.heimatverein-nikolausberg.de\/index.php\/wp-json\/wp\/v2\/users\/3"}],"replies":[{"embeddable":true,"href":"https:\/\/www.heimatverein-nikolausberg.de\/index.php\/wp-json\/wp\/v2\/comments?post=573"}],"version-history":[{"count":35,"href":"https:\/\/www.heimatverein-nikolausberg.de\/index.php\/wp-json\/wp\/v2\/pages\/573\/revisions"}],"predecessor-version":[{"id":997,"href":"https:\/\/www.heimatverein-nikolausberg.de\/index.php\/wp-json\/wp\/v2\/pages\/573\/revisions\/997"}],"wp:attachment":[{"href":"https:\/\/www.heimatverein-nikolausberg.de\/index.php\/wp-json\/wp\/v2\/media?parent=573"}],"curies":[{"name":"wp","href":"https:\/\/api.w.org\/{rel}","templated":true}]}}