{"id":545,"date":"2025-09-06T22:27:47","date_gmt":"2025-09-06T20:27:47","guid":{"rendered":"http:\/\/wp.heimatverein-nikolausberg.de\/?page_id=545"},"modified":"2025-11-02T22:57:51","modified_gmt":"2025-11-02T21:57:51","slug":"test-infotafeln-test","status":"publish","type":"page","link":"https:\/\/www.heimatverein-nikolausberg.de\/index.php\/test-infotafeln-test","title":{"rendered":"Infotafeln"},"content":{"rendered":"\n<div style=\"height:50px\" aria-hidden=\"true\" class=\"wp-block-spacer\"><\/div>\n\n\n\n<p>Mit Unterst\u00fctzung des Ortsrats hat der Heimatverein Nikolausberg Informationstafeln angefertigt und im Ort aufgestellt. In einer Gr\u00f6\u00dfe von 70 x 90 cm informieren sie \u00fcber die geologischen Besonderheiten, die spezielle Problematik der Wasserversorgung, die Geschichte des Thieplatzes und mittels einer Karte mit eingezeichneten Standorte, \u00fcber Besonderheiten und interessante Einrichtungen des Ortes. Auch f\u00fcr die Rieswarte wurde eine Infotafel erstellt. Sie k\u00f6nnen sich gleich online informieren. Oder Sie machen einen kleinen Spaziergang zu den Standorten.<\/p>\n\n\n\n<div style=\"height:70px\" aria-hidden=\"true\" class=\"wp-block-spacer\"><\/div>\n\n\n<div class=\"wp-block-image\">\n<figure data-wp-context=\"{&quot;imageId&quot;:&quot;69fb30bfbfd2b&quot;}\" data-wp-interactive=\"core\/image\" data-wp-key=\"69fb30bfbfd2b\" class=\"aligncenter size-large wp-lightbox-container\"><img loading=\"lazy\" decoding=\"async\" width=\"1024\" height=\"719\" data-wp-class--hide=\"state.isContentHidden\" data-wp-class--show=\"state.isContentVisible\" data-wp-init=\"callbacks.setButtonStyles\" data-wp-on--click=\"actions.showLightbox\" data-wp-on--load=\"callbacks.setButtonStyles\" data-wp-on-window--resize=\"callbacks.setButtonStyles\" src=\"https:\/\/www.heimatverein-nikolausberg.de\/wp-content\/uploads\/2025\/09\/infotafel-links-vom-Parkplatz-der-JKS-schule-1-webp-1-1024x719.webp\" alt=\"\" class=\"wp-image-489\" srcset=\"https:\/\/www.heimatverein-nikolausberg.de\/wp-content\/uploads\/2025\/09\/infotafel-links-vom-Parkplatz-der-JKS-schule-1-webp-1-1024x719.webp 1024w, https:\/\/www.heimatverein-nikolausberg.de\/wp-content\/uploads\/2025\/09\/infotafel-links-vom-Parkplatz-der-JKS-schule-1-webp-1-300x211.webp 300w, https:\/\/www.heimatverein-nikolausberg.de\/wp-content\/uploads\/2025\/09\/infotafel-links-vom-Parkplatz-der-JKS-schule-1-webp-1-768x539.webp 768w, https:\/\/www.heimatverein-nikolausberg.de\/wp-content\/uploads\/2025\/09\/infotafel-links-vom-Parkplatz-der-JKS-schule-1-webp-1-1536x1078.webp 1536w, https:\/\/www.heimatverein-nikolausberg.de\/wp-content\/uploads\/2025\/09\/infotafel-links-vom-Parkplatz-der-JKS-schule-1-webp-1-2048x1437.webp 2048w\" sizes=\"auto, (max-width: 1024px) 100vw, 1024px\" \/><button\n\t\t\tclass=\"lightbox-trigger\"\n\t\t\ttype=\"button\"\n\t\t\taria-haspopup=\"dialog\"\n\t\t\taria-label=\"Vergr\u00f6\u00dfern\"\n\t\t\tdata-wp-init=\"callbacks.initTriggerButton\"\n\t\t\tdata-wp-on--click=\"actions.showLightbox\"\n\t\t\tdata-wp-style--right=\"state.imageButtonRight\"\n\t\t\tdata-wp-style--top=\"state.imageButtonTop\"\n\t\t>\n\t\t\t<svg xmlns=\"http:\/\/www.w3.org\/2000\/svg\" width=\"12\" height=\"12\" fill=\"none\" viewBox=\"0 0 12 12\">\n\t\t\t\t<path fill=\"#fff\" d=\"M2 0a2 2 0 0 0-2 2v2h1.5V2a.5.5 0 0 1 .5-.5h2V0H2Zm2 10.5H2a.5.5 0 0 1-.5-.5V8H0v2a2 2 0 0 0 2 2h2v-1.5ZM8 12v-1.5h2a.5.5 0 0 0 .5-.5V8H12v2a2 2 0 0 1-2 2H8Zm2-12a2 2 0 0 1 2 2v2h-1.5V2a.5.5 0 0 0-.5-.5H8V0h2Z\" \/>\n\t\t\t<\/svg>\n\t\t<\/button><figcaption class=\"wp-element-caption\">Standort: Links vom Parkplatz der JK-Schule am Ende der Stra\u00dfe &#8222;Am Schlehdorn&#8220;<\/figcaption><\/figure>\n<\/div>\n\n\n<div style=\"height:70px\" aria-hidden=\"true\" class=\"wp-block-spacer\"><\/div>\n\n\n<div class=\"wp-block-image\">\n<figure data-wp-context=\"{&quot;imageId&quot;:&quot;69fb30bfc0775&quot;}\" data-wp-interactive=\"core\/image\" data-wp-key=\"69fb30bfc0775\" class=\"aligncenter size-large wp-lightbox-container\"><img loading=\"lazy\" decoding=\"async\" width=\"1024\" height=\"717\" data-wp-class--hide=\"state.isContentHidden\" data-wp-class--show=\"state.isContentVisible\" data-wp-init=\"callbacks.setButtonStyles\" data-wp-on--click=\"actions.showLightbox\" data-wp-on--load=\"callbacks.setButtonStyles\" data-wp-on-window--resize=\"callbacks.setButtonStyles\" src=\"https:\/\/www.heimatverein-nikolausberg.de\/wp-content\/uploads\/2025\/09\/infotafel-parkplatz-der-jks-rechts-2-webp-1024x717.webp\" alt=\"\" class=\"wp-image-491\" srcset=\"https:\/\/www.heimatverein-nikolausberg.de\/wp-content\/uploads\/2025\/09\/infotafel-parkplatz-der-jks-rechts-2-webp-1024x717.webp 1024w, https:\/\/www.heimatverein-nikolausberg.de\/wp-content\/uploads\/2025\/09\/infotafel-parkplatz-der-jks-rechts-2-webp-300x210.webp 300w, https:\/\/www.heimatverein-nikolausberg.de\/wp-content\/uploads\/2025\/09\/infotafel-parkplatz-der-jks-rechts-2-webp-768x538.webp 768w, https:\/\/www.heimatverein-nikolausberg.de\/wp-content\/uploads\/2025\/09\/infotafel-parkplatz-der-jks-rechts-2-webp-1536x1075.webp 1536w, https:\/\/www.heimatverein-nikolausberg.de\/wp-content\/uploads\/2025\/09\/infotafel-parkplatz-der-jks-rechts-2-webp.webp 1600w\" sizes=\"auto, (max-width: 1024px) 100vw, 1024px\" \/><button\n\t\t\tclass=\"lightbox-trigger\"\n\t\t\ttype=\"button\"\n\t\t\taria-haspopup=\"dialog\"\n\t\t\taria-label=\"Vergr\u00f6\u00dfern\"\n\t\t\tdata-wp-init=\"callbacks.initTriggerButton\"\n\t\t\tdata-wp-on--click=\"actions.showLightbox\"\n\t\t\tdata-wp-style--right=\"state.imageButtonRight\"\n\t\t\tdata-wp-style--top=\"state.imageButtonTop\"\n\t\t>\n\t\t\t<svg xmlns=\"http:\/\/www.w3.org\/2000\/svg\" width=\"12\" height=\"12\" fill=\"none\" viewBox=\"0 0 12 12\">\n\t\t\t\t<path fill=\"#fff\" d=\"M2 0a2 2 0 0 0-2 2v2h1.5V2a.5.5 0 0 1 .5-.5h2V0H2Zm2 10.5H2a.5.5 0 0 1-.5-.5V8H0v2a2 2 0 0 0 2 2h2v-1.5ZM8 12v-1.5h2a.5.5 0 0 0 .5-.5V8H12v2a2 2 0 0 1-2 2H8Zm2-12a2 2 0 0 1 2 2v2h-1.5V2a.5.5 0 0 0-.5-.5H8V0h2Z\" \/>\n\t\t\t<\/svg>\n\t\t<\/button><figcaption class=\"wp-element-caption\">Standort: Vor dem Parkplatz der JK-Schule rechts<\/figcaption><\/figure>\n<\/div>\n\n\n<div style=\"height:70px\" aria-hidden=\"true\" class=\"wp-block-spacer\"><\/div>\n\n\n<div class=\"wp-block-image\">\n<figure data-wp-context=\"{&quot;imageId&quot;:&quot;69fb30bfc0f3e&quot;}\" data-wp-interactive=\"core\/image\" data-wp-key=\"69fb30bfc0f3e\" class=\"aligncenter size-large wp-lightbox-container\"><img loading=\"lazy\" decoding=\"async\" width=\"1024\" height=\"719\" data-wp-class--hide=\"state.isContentHidden\" data-wp-class--show=\"state.isContentVisible\" data-wp-init=\"callbacks.setButtonStyles\" data-wp-on--click=\"actions.showLightbox\" data-wp-on--load=\"callbacks.setButtonStyles\" data-wp-on-window--resize=\"callbacks.setButtonStyles\" src=\"https:\/\/www.heimatverein-nikolausberg.de\/wp-content\/uploads\/2025\/09\/infotafel-ecke-der-Strassen-am-Feldborn-drei-brunnen-3-1-1-1024x719.webp\" alt=\"\" class=\"wp-image-556\" srcset=\"https:\/\/www.heimatverein-nikolausberg.de\/wp-content\/uploads\/2025\/09\/infotafel-ecke-der-Strassen-am-Feldborn-drei-brunnen-3-1-1-1024x719.webp 1024w, https:\/\/www.heimatverein-nikolausberg.de\/wp-content\/uploads\/2025\/09\/infotafel-ecke-der-Strassen-am-Feldborn-drei-brunnen-3-1-1-300x211.webp 300w, https:\/\/www.heimatverein-nikolausberg.de\/wp-content\/uploads\/2025\/09\/infotafel-ecke-der-Strassen-am-Feldborn-drei-brunnen-3-1-1-768x539.webp 768w, https:\/\/www.heimatverein-nikolausberg.de\/wp-content\/uploads\/2025\/09\/infotafel-ecke-der-Strassen-am-Feldborn-drei-brunnen-3-1-1-1536x1078.webp 1536w, https:\/\/www.heimatverein-nikolausberg.de\/wp-content\/uploads\/2025\/09\/infotafel-ecke-der-Strassen-am-Feldborn-drei-brunnen-3-1-1.webp 1600w\" sizes=\"auto, (max-width: 1024px) 100vw, 1024px\" \/><button\n\t\t\tclass=\"lightbox-trigger\"\n\t\t\ttype=\"button\"\n\t\t\taria-haspopup=\"dialog\"\n\t\t\taria-label=\"Vergr\u00f6\u00dfern\"\n\t\t\tdata-wp-init=\"callbacks.initTriggerButton\"\n\t\t\tdata-wp-on--click=\"actions.showLightbox\"\n\t\t\tdata-wp-style--right=\"state.imageButtonRight\"\n\t\t\tdata-wp-style--top=\"state.imageButtonTop\"\n\t\t>\n\t\t\t<svg xmlns=\"http:\/\/www.w3.org\/2000\/svg\" width=\"12\" height=\"12\" fill=\"none\" viewBox=\"0 0 12 12\">\n\t\t\t\t<path fill=\"#fff\" d=\"M2 0a2 2 0 0 0-2 2v2h1.5V2a.5.5 0 0 1 .5-.5h2V0H2Zm2 10.5H2a.5.5 0 0 1-.5-.5V8H0v2a2 2 0 0 0 2 2h2v-1.5ZM8 12v-1.5h2a.5.5 0 0 0 .5-.5V8H12v2a2 2 0 0 1-2 2H8Zm2-12a2 2 0 0 1 2 2v2h-1.5V2a.5.5 0 0 0-.5-.5H8V0h2Z\" \/>\n\t\t\t<\/svg>\n\t\t<\/button><figcaption class=\"wp-element-caption\">Standort: Ecke der Stra\u00dfen &#8222;Am Feldborn&#8220; und &#8222;Drei Brunnen&#8220;<\/figcaption><\/figure>\n<\/div>\n\n\n<div style=\"height:70px\" aria-hidden=\"true\" class=\"wp-block-spacer\"><\/div>\n\n\n<div class=\"wp-block-image\">\n<figure data-wp-context=\"{&quot;imageId&quot;:&quot;69fb30bfc1709&quot;}\" data-wp-interactive=\"core\/image\" data-wp-key=\"69fb30bfc1709\" class=\"aligncenter size-large wp-lightbox-container\"><img loading=\"lazy\" decoding=\"async\" width=\"1024\" height=\"719\" data-wp-class--hide=\"state.isContentHidden\" data-wp-class--show=\"state.isContentVisible\" data-wp-init=\"callbacks.setButtonStyles\" data-wp-on--click=\"actions.showLightbox\" data-wp-on--load=\"callbacks.setButtonStyles\" data-wp-on-window--resize=\"callbacks.setButtonStyles\" src=\"https:\/\/www.heimatverein-nikolausberg.de\/wp-content\/uploads\/2025\/09\/infotafel-thieplatz-vor-der-Kirche-augustinerstrasse-4-webp-1024x719.webp\" alt=\"\" class=\"wp-image-498\" srcset=\"https:\/\/www.heimatverein-nikolausberg.de\/wp-content\/uploads\/2025\/09\/infotafel-thieplatz-vor-der-Kirche-augustinerstrasse-4-webp-1024x719.webp 1024w, https:\/\/www.heimatverein-nikolausberg.de\/wp-content\/uploads\/2025\/09\/infotafel-thieplatz-vor-der-Kirche-augustinerstrasse-4-webp-300x211.webp 300w, https:\/\/www.heimatverein-nikolausberg.de\/wp-content\/uploads\/2025\/09\/infotafel-thieplatz-vor-der-Kirche-augustinerstrasse-4-webp-768x539.webp 768w, https:\/\/www.heimatverein-nikolausberg.de\/wp-content\/uploads\/2025\/09\/infotafel-thieplatz-vor-der-Kirche-augustinerstrasse-4-webp-1536x1078.webp 1536w, https:\/\/www.heimatverein-nikolausberg.de\/wp-content\/uploads\/2025\/09\/infotafel-thieplatz-vor-der-Kirche-augustinerstrasse-4-webp.webp 1600w\" sizes=\"auto, (max-width: 1024px) 100vw, 1024px\" \/><button\n\t\t\tclass=\"lightbox-trigger\"\n\t\t\ttype=\"button\"\n\t\t\taria-haspopup=\"dialog\"\n\t\t\taria-label=\"Vergr\u00f6\u00dfern\"\n\t\t\tdata-wp-init=\"callbacks.initTriggerButton\"\n\t\t\tdata-wp-on--click=\"actions.showLightbox\"\n\t\t\tdata-wp-style--right=\"state.imageButtonRight\"\n\t\t\tdata-wp-style--top=\"state.imageButtonTop\"\n\t\t>\n\t\t\t<svg xmlns=\"http:\/\/www.w3.org\/2000\/svg\" width=\"12\" height=\"12\" fill=\"none\" viewBox=\"0 0 12 12\">\n\t\t\t\t<path fill=\"#fff\" d=\"M2 0a2 2 0 0 0-2 2v2h1.5V2a.5.5 0 0 1 .5-.5h2V0H2Zm2 10.5H2a.5.5 0 0 1-.5-.5V8H0v2a2 2 0 0 0 2 2h2v-1.5ZM8 12v-1.5h2a.5.5 0 0 0 .5-.5V8H12v2a2 2 0 0 1-2 2H8Zm2-12a2 2 0 0 1 2 2v2h-1.5V2a.5.5 0 0 0-.5-.5H8V0h2Z\" \/>\n\t\t\t<\/svg>\n\t\t<\/button><figcaption class=\"wp-element-caption\">Standort: Thieplatz vor der Kirche in der Augustinerstra\u00dfe<\/figcaption><\/figure>\n<\/div>\n\n\n<div style=\"height:70px\" aria-hidden=\"true\" class=\"wp-block-spacer\"><\/div>\n\n\n<div class=\"wp-block-image\">\n<figure data-wp-context=\"{&quot;imageId&quot;:&quot;69fb30bfc1ecb&quot;}\" data-wp-interactive=\"core\/image\" data-wp-key=\"69fb30bfc1ecb\" class=\"aligncenter size-large wp-lightbox-container\"><img loading=\"lazy\" decoding=\"async\" width=\"1024\" height=\"717\" data-wp-class--hide=\"state.isContentHidden\" data-wp-class--show=\"state.isContentVisible\" data-wp-init=\"callbacks.setButtonStyles\" data-wp-on--click=\"actions.showLightbox\" data-wp-on--load=\"callbacks.setButtonStyles\" data-wp-on-window--resize=\"callbacks.setButtonStyles\" src=\"https:\/\/www.heimatverein-nikolausberg.de\/wp-content\/uploads\/2025\/09\/Infotafel-Rieswarte_Heimatverein_Nikolausberg_Schild_-1024x717.png\" alt=\"\" class=\"wp-image-565\" srcset=\"https:\/\/www.heimatverein-nikolausberg.de\/wp-content\/uploads\/2025\/09\/Infotafel-Rieswarte_Heimatverein_Nikolausberg_Schild_-1024x717.png 1024w, https:\/\/www.heimatverein-nikolausberg.de\/wp-content\/uploads\/2025\/09\/Infotafel-Rieswarte_Heimatverein_Nikolausberg_Schild_-300x210.png 300w, https:\/\/www.heimatverein-nikolausberg.de\/wp-content\/uploads\/2025\/09\/Infotafel-Rieswarte_Heimatverein_Nikolausberg_Schild_-768x538.png 768w, https:\/\/www.heimatverein-nikolausberg.de\/wp-content\/uploads\/2025\/09\/Infotafel-Rieswarte_Heimatverein_Nikolausberg_Schild_-1536x1075.png 1536w, https:\/\/www.heimatverein-nikolausberg.de\/wp-content\/uploads\/2025\/09\/Infotafel-Rieswarte_Heimatverein_Nikolausberg_Schild_.png 1600w\" sizes=\"auto, (max-width: 1024px) 100vw, 1024px\" \/><button\n\t\t\tclass=\"lightbox-trigger\"\n\t\t\ttype=\"button\"\n\t\t\taria-haspopup=\"dialog\"\n\t\t\taria-label=\"Vergr\u00f6\u00dfern\"\n\t\t\tdata-wp-init=\"callbacks.initTriggerButton\"\n\t\t\tdata-wp-on--click=\"actions.showLightbox\"\n\t\t\tdata-wp-style--right=\"state.imageButtonRight\"\n\t\t\tdata-wp-style--top=\"state.imageButtonTop\"\n\t\t>\n\t\t\t<svg xmlns=\"http:\/\/www.w3.org\/2000\/svg\" width=\"12\" height=\"12\" fill=\"none\" viewBox=\"0 0 12 12\">\n\t\t\t\t<path fill=\"#fff\" d=\"M2 0a2 2 0 0 0-2 2v2h1.5V2a.5.5 0 0 1 .5-.5h2V0H2Zm2 10.5H2a.5.5 0 0 1-.5-.5V8H0v2a2 2 0 0 0 2 2h2v-1.5ZM8 12v-1.5h2a.5.5 0 0 0 .5-.5V8H12v2a2 2 0 0 1-2 2H8Zm2-12a2 2 0 0 1 2 2v2h-1.5V2a.5.5 0 0 0-.5-.5H8V0h2Z\" \/>\n\t\t\t<\/svg>\n\t\t<\/button><figcaption class=\"wp-element-caption\">Standort: Rieswarte<\/figcaption><\/figure>\n<\/div>\n\n\n<p><\/p>\n","protected":false},"excerpt":{"rendered":"<p>Mit Unterst\u00fctzung des Ortsrats hat der Heimatverein Nikolausberg Informationstafeln angefertigt und im Ort aufgestellt. In einer Gr\u00f6\u00dfe von 70 x 90 cm informieren sie \u00fcber die geologischen Besonderheiten, die spezielle Problematik der Wasserversorgung, die Geschichte des Thieplatzes und mittels einer Karte mit eingezeichneten Standorte, \u00fcber Besonderheiten und interessante Einrichtungen des Ortes. Auch f\u00fcr die Rieswarte [&hellip;]<\/p>\n","protected":false},"author":3,"featured_media":0,"parent":0,"menu_order":0,"comment_status":"closed","ping_status":"closed","template":"","meta":{"footnotes":""},"class_list":["post-545","page","type-page","status-publish","hentry"],"_links":{"self":[{"href":"https:\/\/www.heimatverein-nikolausberg.de\/index.php\/wp-json\/wp\/v2\/pages\/545","targetHints":{"allow":["GET"]}}],"collection":[{"href":"https:\/\/www.heimatverein-nikolausberg.de\/index.php\/wp-json\/wp\/v2\/pages"}],"about":[{"href":"https:\/\/www.heimatverein-nikolausberg.de\/index.php\/wp-json\/wp\/v2\/types\/page"}],"author":[{"embeddable":true,"href":"https:\/\/www.heimatverein-nikolausberg.de\/index.php\/wp-json\/wp\/v2\/users\/3"}],"replies":[{"embeddable":true,"href":"https:\/\/www.heimatverein-nikolausberg.de\/index.php\/wp-json\/wp\/v2\/comments?post=545"}],"version-history":[{"count":33,"href":"https:\/\/www.heimatverein-nikolausberg.de\/index.php\/wp-json\/wp\/v2\/pages\/545\/revisions"}],"predecessor-version":[{"id":1020,"href":"https:\/\/www.heimatverein-nikolausberg.de\/index.php\/wp-json\/wp\/v2\/pages\/545\/revisions\/1020"}],"wp:attachment":[{"href":"https:\/\/www.heimatverein-nikolausberg.de\/index.php\/wp-json\/wp\/v2\/media?parent=545"}],"curies":[{"name":"wp","href":"https:\/\/api.w.org\/{rel}","templated":true}]}}