{"id":525,"date":"2025-09-06T17:51:40","date_gmt":"2025-09-06T15:51:40","guid":{"rendered":"http:\/\/wp.heimatverein-nikolausberg.de\/?page_id=525"},"modified":"2025-12-08T20:06:29","modified_gmt":"2025-12-08T19:06:29","slug":"unterstuetzung-heimatverein","status":"publish","type":"page","link":"https:\/\/www.heimatverein-nikolausberg.de\/index.php\/unterstuetzung-heimatverein","title":{"rendered":"Mitarbeit"},"content":{"rendered":"\n<h2 class=\"wp-block-heading\">Machen Sie mit!<\/h2>\n\n\n\n<p>Liebe Nikolausbergerinnen und Nikolausberger,<br>werden Sie Mitglied im Heimatverein Nikolausberg e. V. und finden Sie bei uns spannende M\u00f6glichkeiten f\u00fcr Ihre Freizeitgestaltung. Wir sind seit 1984 aktiv und haben etwa 160 Mitglieder. Wir freuen uns \u00fcber ihre Unterst\u00fctzung<\/p>\n\n\n\n<p><strong>Zum Beispiel bei der:<\/strong><\/p>\n\n\n\n<p><strong>Entwicklung neuer Ideen<\/strong> f\u00fcr die j\u00fcngere Verankerung und Entwicklung des Heimatvereins im Ort. Damit nicht immer nur die &#8222;Best Ager&#8220; oder &#8222;Boomer&#8220; bestimmen: lieber selbst die Ortsgeschichte erarbeiten und f\u00fcr die Zukunft gestalten!!<\/p>\n\n\n\n<p><strong>Mithilfe bei der Aufarbeitung des <\/strong>vorhandenen und ggf. der Erweiterung des <strong>Ortsarchivs<\/strong> <br>Die Bibliothek im Museum wurde seit 2023 bereits weitgehend katalogisiert. Nun muss &#8222;nur noch&#8220; verschlagwortet werden. Die Quartals-Zeitschrift &#8222;S\u00fcdnieders\u00e4chsische Heimatforschung&#8220; soll gebunden werden. Wie macht man hier zumindest das Inhaltsverzeichnis zug\u00e4nglich? <br>Und: Was ist in den H\u00e4ngeordnern im Schrank des Ortsheimatpflegers verborgen? Was sind dort f\u00fcr Dokumente abgelegt? Wie ordnet man sie? Was geh\u00f6rt ggf. in eine Wissensdatenbank wie citavi?<\/p>\n\n\n\n<p><strong>Mitarbeit<\/strong> <strong>bei <\/strong>der Organisation und Gestaltung von <strong>Veranstaltungen<\/strong> (Exkursionen, Vortr\u00e4ge, F\u00fchrungen, Standbetreuung)<\/p>\n\n\n\n<p><strong>Ortsheimatpflege<\/strong>: Dieses Ehrenamt ist seit 2023 verwaist. Ewald Schubert, Dieter Petersen, Hildburg Rosenbauer und Gunter Hartung haben hier verdienstvoll gewirkt und dadurch vieles an wertvollen Erinnerungen f\u00fcr die Nachwelt bewahrt. Das Amt k\u00f6nnte auch zu zweit oder zu dritt ausge\u00fcbt werden.<\/p>\n\n\n\n<p>Unsere Aufgaben k\u00f6nnen sie der Satzung entnehmen.<\/p>\n\n\n\n<p><\/p>\n\n\n\n<p class=\"has-text-align-center has-vivid-red-color has-text-color has-link-color wp-elements-45aecf14511cd30768036c5a3454c431\"><a href=\"https:\/\/www.heimatverein-nikolausberg.de\/wp-content\/uploads\/2025\/09\/hv-satzung.pdf\" data-type=\"attachment\" data-id=\"526\" target=\"_blank\" rel=\"noreferrer noopener\">PDF-Datei der Satzung zum herunterladen<\/a><\/p>\n\n\n\n<p>F\u00fcr nur 12 \u20ac Jahresbeitrag k\u00f6nnen Sie an allen Veranstaltungen des Heimatvereins teilnehmen. Bei evtl. anfallenden Eintrittsgeb\u00fchren gelten im allgemeinen die niedrigsten Gruppenbeitr\u00e4ge.<\/p>\n\n\n\n<p class=\"has-text-align-center has-vivid-red-color has-text-color has-link-color wp-elements-1fc68ace8cac3472c711453cab0ce1dc\"><a href=\"https:\/\/www.heimatverein-nikolausberg.de\/wp-content\/uploads\/2025\/09\/vorlage-hv-eintrittsantrag.pdf\" data-type=\"attachment\" data-id=\"471\" target=\"_blank\" rel=\"noreferrer noopener\">PDF-Datei der Eintritts- bzw. Spendenerkl\u00e4rung zum herunterladen<\/a><\/p>\n\n\n\n<p>Die Teilnahme an allen Veranstaltungen des Heimatvereins Nikolausberg e.V. ist kostenlos. Damit wir auch weiterhin eine erfolgreiche Arbeit f\u00fcr unsere Ziele leisten k\u00f6nnen, freuen wir uns, wenn Sie uns mit einer kleinen Spende unterst\u00fctzen. Der Heimatverein Nikolausberg e.V. ist vom Finanzamt G\u00f6ttingen als gemeinn\u00fctzig anerkannt. Bei Spenden \u00fcber 100 \u20ac erhalten Sie automatisch eine Spendenbescheinigung!<\/p>\n\n\n\n<p><strong><u>Unsere Bankverbindung:<\/u><\/strong><\/p>\n\n\n\n<p>Heimatverein Nikolausberg e.V.<br>Sparkasse G\u00f6ttingen<br>IBAN DE 65 2605 0001 0148 012180 Vielen Dank!<\/p>\n\n\n\n<p><\/p>\n","protected":false},"excerpt":{"rendered":"<p>Machen Sie mit! Liebe Nikolausbergerinnen und Nikolausberger,werden Sie Mitglied im Heimatverein Nikolausberg e. V. und finden Sie bei uns spannende M\u00f6glichkeiten f\u00fcr Ihre Freizeitgestaltung. Wir sind seit 1984 aktiv und haben etwa 160 Mitglieder. Wir freuen uns \u00fcber ihre Unterst\u00fctzung Zum Beispiel bei der: Entwicklung neuer Ideen f\u00fcr die j\u00fcngere Verankerung und Entwicklung des Heimatvereins [&hellip;]<\/p>\n","protected":false},"author":3,"featured_media":0,"parent":0,"menu_order":0,"comment_status":"closed","ping_status":"closed","template":"","meta":{"footnotes":""},"class_list":["post-525","page","type-page","status-publish","hentry"],"_links":{"self":[{"href":"https:\/\/www.heimatverein-nikolausberg.de\/index.php\/wp-json\/wp\/v2\/pages\/525","targetHints":{"allow":["GET"]}}],"collection":[{"href":"https:\/\/www.heimatverein-nikolausberg.de\/index.php\/wp-json\/wp\/v2\/pages"}],"about":[{"href":"https:\/\/www.heimatverein-nikolausberg.de\/index.php\/wp-json\/wp\/v2\/types\/page"}],"author":[{"embeddable":true,"href":"https:\/\/www.heimatverein-nikolausberg.de\/index.php\/wp-json\/wp\/v2\/users\/3"}],"replies":[{"embeddable":true,"href":"https:\/\/www.heimatverein-nikolausberg.de\/index.php\/wp-json\/wp\/v2\/comments?post=525"}],"version-history":[{"count":20,"href":"https:\/\/www.heimatverein-nikolausberg.de\/index.php\/wp-json\/wp\/v2\/pages\/525\/revisions"}],"predecessor-version":[{"id":1047,"href":"https:\/\/www.heimatverein-nikolausberg.de\/index.php\/wp-json\/wp\/v2\/pages\/525\/revisions\/1047"}],"wp:attachment":[{"href":"https:\/\/www.heimatverein-nikolausberg.de\/index.php\/wp-json\/wp\/v2\/media?parent=525"}],"curies":[{"name":"wp","href":"https:\/\/api.w.org\/{rel}","templated":true}]}}