{"id":165,"date":"2025-07-12T10:46:27","date_gmt":"2025-07-12T08:46:27","guid":{"rendered":"http:\/\/127.0.0.1\/hverein\/?page_id=2"},"modified":"2025-11-02T21:27:51","modified_gmt":"2025-11-02T20:27:51","slug":"beispiel-seite","status":"publish","type":"page","link":"https:\/\/www.heimatverein-nikolausberg.de\/","title":{"rendered":"Herzlich Willkommen"},"content":{"rendered":"<div class=\"wp-block-image is-style-default no-linkicon\">\n<figure class=\"alignright size-medium is-resized\"><a href=\"https:\/\/www.heimatverein-nikolausberg.de\/wp-content\/uploads\/2025\/09\/Broschuere-niedrig.pdf\" target=\"_blank\" rel=\" noreferrer noopener\"><img loading=\"lazy\" decoding=\"async\" width=\"213\" height=\"300\" src=\"http:\/\/www.heimatverein-nikolausberg.de\/wp-content\/uploads\/2025\/09\/broschuere-niedrig_1-213x300.png\" alt=\"\" class=\"wp-image-767\" style=\"object-fit:cover;width:265px;height:auto\" srcset=\"https:\/\/www.heimatverein-nikolausberg.de\/wp-content\/uploads\/2025\/09\/broschuere-niedrig_1-213x300.png 213w, https:\/\/www.heimatverein-nikolausberg.de\/wp-content\/uploads\/2025\/09\/broschuere-niedrig_1.png 512w\" sizes=\"auto, (max-width: 213px) 100vw, 213px\" \/><\/a><\/figure>\n<\/div>\n\n\n<p>Wir leben gerne in Nikolausberg! Die hohe Lebensqualit\u00e4t, die spannende Geschichte und reizvolle Landschaft unseres Ortes sind keine Selbstverst\u00e4ndlichkeiten. Wir wollen unseren Beitrag dazu leisten, dass auch die k\u00fcnftigen Bewohner &#8211; Kinder, Jugendliche, Frauen und M\u00e4nner, Senioren und G\u00e4ste &#8211; davon profitieren k\u00f6nnen.<\/p>\n\n\n\n<p>Nach dem Leitsatz: &#8222;Nur wer die Vergangenheit kennt, kann die Gegenwart begreifen und die Zukunft gestalten&#8220;, wollen wir unseren Stadtteil erfahren. Dabei sollen erhaltenswerte Qualit\u00e4ten, seien es Natur und Landschaft, Einrichtungen und Geb\u00e4ude oder Traditionen, bekannt gemacht und wo n\u00f6tig gef\u00f6rdert werden.<\/p>\n\n\n\n<p>Wir laden Sie herzlich ein, unseren Ort kennenzulernen &#8211; am besten zu Fu\u00df und mittels eines Rundwegs. Bereiten sie ihren Dorfrundgang vor mit unserer Brosch\u00fcre &#8222;Unterwegs in Nikolausberg&#8220; oder schauen sie mit Ewald Schubert in die Geschichte des ehemaligen Bergdorfs. Beide Werke stehen f\u00fcr sie zum herunterladen bereit!<\/p>\n","protected":false},"excerpt":{"rendered":"<p>Wir leben gerne in Nikolausberg! Die hohe Lebensqualit\u00e4t, die spannende Geschichte und reizvolle Landschaft unseres Ortes sind keine Selbstverst\u00e4ndlichkeiten. Wir wollen unseren Beitrag dazu leisten, dass auch die k\u00fcnftigen Bewohner &#8211; Kinder, Jugendliche, Frauen und M\u00e4nner, Senioren und G\u00e4ste &#8211; davon profitieren k\u00f6nnen. Nach dem Leitsatz: &#8222;Nur wer die Vergangenheit kennt, kann die Gegenwart begreifen [&hellip;]<\/p>\n","protected":false},"author":1,"featured_media":0,"parent":0,"menu_order":0,"comment_status":"closed","ping_status":"closed","template":"","meta":{"footnotes":""},"class_list":["post-165","page","type-page","status-publish","hentry"],"_links":{"self":[{"href":"https:\/\/www.heimatverein-nikolausberg.de\/index.php\/wp-json\/wp\/v2\/pages\/165","targetHints":{"allow":["GET"]}}],"collection":[{"href":"https:\/\/www.heimatverein-nikolausberg.de\/index.php\/wp-json\/wp\/v2\/pages"}],"about":[{"href":"https:\/\/www.heimatverein-nikolausberg.de\/index.php\/wp-json\/wp\/v2\/types\/page"}],"author":[{"embeddable":true,"href":"https:\/\/www.heimatverein-nikolausberg.de\/index.php\/wp-json\/wp\/v2\/users\/1"}],"replies":[{"embeddable":true,"href":"https:\/\/www.heimatverein-nikolausberg.de\/index.php\/wp-json\/wp\/v2\/comments?post=165"}],"version-history":[{"count":66,"href":"https:\/\/www.heimatverein-nikolausberg.de\/index.php\/wp-json\/wp\/v2\/pages\/165\/revisions"}],"predecessor-version":[{"id":1012,"href":"https:\/\/www.heimatverein-nikolausberg.de\/index.php\/wp-json\/wp\/v2\/pages\/165\/revisions\/1012"}],"wp:attachment":[{"href":"https:\/\/www.heimatverein-nikolausberg.de\/index.php\/wp-json\/wp\/v2\/media?parent=165"}],"curies":[{"name":"wp","href":"https:\/\/api.w.org\/{rel}","templated":true}]}}