{"id":138,"date":"2025-09-02T19:56:25","date_gmt":"2025-09-02T17:56:25","guid":{"rendered":"http:\/\/wp.heimatverein-nikolausberg.de\/?page_id=138"},"modified":"2026-02-25T09:29:44","modified_gmt":"2026-02-25T08:29:44","slug":"buergerservice","status":"publish","type":"page","link":"https:\/\/www.heimatverein-nikolausberg.de\/index.php\/buergerservice","title":{"rendered":"B\u00fcrgerservice"},"content":{"rendered":"\n<p>Nachstehend m\u00f6chten wir zu lokalen Unternehmen, Gesch\u00e4ften, Einrichtungen und Organisationen verbinden. Wir alle tragen das Leben in unserem Ortsteil. Seien Sie dabei, kommen Sie zu uns:<\/p>\n\n\n\n<div class=\"wp-block-media-text\" style=\"grid-template-columns:29% auto\"><figure class=\"wp-block-media-text__media\"><a href=\"https:\/\/www.heimatverein-nikolausberg.de\/wp-content\/uploads\/2025\/07\/nsc-logo-512-512-px.png\"><img loading=\"lazy\" decoding=\"async\" width=\"512\" height=\"512\" src=\"http:\/\/wp.heimatverein-nikolausberg.de\/wp-content\/uploads\/2025\/07\/nsc-logo-512-512-px.png\" alt=\"\" class=\"wp-image-108 size-full\" srcset=\"https:\/\/www.heimatverein-nikolausberg.de\/wp-content\/uploads\/2025\/07\/nsc-logo-512-512-px.png 512w, https:\/\/www.heimatverein-nikolausberg.de\/wp-content\/uploads\/2025\/07\/nsc-logo-512-512-px-300x300.png 300w, https:\/\/www.heimatverein-nikolausberg.de\/wp-content\/uploads\/2025\/07\/nsc-logo-512-512-px-150x150.png 150w\" sizes=\"auto, (max-width: 512px) 100vw, 512px\" \/><\/a><\/figure><div class=\"wp-block-media-text__content\">\n<p><a href=\"http:\/\/nikolausbergersc.de\" target=\"_blank\" rel=\"noreferrer noopener\">Nikolausberger Sport Club (NSC) e.V.<\/a><\/p>\n<\/div><\/div>\n\n\n\n<div class=\"wp-block-media-text\" style=\"grid-template-columns:32% auto\"><figure class=\"wp-block-media-text__media\"><img loading=\"lazy\" decoding=\"async\" width=\"512\" height=\"512\" src=\"http:\/\/wp.heimatverein-nikolausberg.de\/wp-content\/uploads\/2025\/07\/Freibad-logo-512-512-px.png\" alt=\"\" class=\"wp-image-92 size-full\" srcset=\"https:\/\/www.heimatverein-nikolausberg.de\/wp-content\/uploads\/2025\/07\/Freibad-logo-512-512-px.png 512w, https:\/\/www.heimatverein-nikolausberg.de\/wp-content\/uploads\/2025\/07\/Freibad-logo-512-512-px-300x300.png 300w, https:\/\/www.heimatverein-nikolausberg.de\/wp-content\/uploads\/2025\/07\/Freibad-logo-512-512-px-150x150.png 150w\" sizes=\"auto, (max-width: 512px) 100vw, 512px\" \/><\/figure><div class=\"wp-block-media-text__content\">\n<p><a href=\"http:\/\/freibad-nsc.de\" target=\"_blank\" rel=\"noreferrer noopener\">Freibad des NSC<\/a><\/p>\n<\/div><\/div>\n\n\n\n<div class=\"wp-block-columns is-not-stacked-on-mobile is-layout-flex wp-container-core-columns-is-layout-9d6595d7 wp-block-columns-is-layout-flex\">\n<div class=\"wp-block-column is-layout-flow wp-block-column-is-layout-flow\" style=\"flex-basis:33.33%\">\n<figure class=\"wp-block-image size-full\"><img loading=\"lazy\" decoding=\"async\" width=\"512\" height=\"512\" src=\"http:\/\/wp.heimatverein-nikolausberg.de\/wp-content\/uploads\/2025\/07\/kgv-logo-512-512-px.png\" alt=\"\" class=\"wp-image-119\" srcset=\"https:\/\/www.heimatverein-nikolausberg.de\/wp-content\/uploads\/2025\/07\/kgv-logo-512-512-px.png 512w, https:\/\/www.heimatverein-nikolausberg.de\/wp-content\/uploads\/2025\/07\/kgv-logo-512-512-px-300x300.png 300w, https:\/\/www.heimatverein-nikolausberg.de\/wp-content\/uploads\/2025\/07\/kgv-logo-512-512-px-150x150.png 150w\" sizes=\"auto, (max-width: 512px) 100vw, 512px\" \/><\/figure>\n<\/div>\n\n\n\n<div class=\"wp-block-column is-vertically-aligned-center is-layout-flow wp-block-column-is-layout-flow\" style=\"flex-basis:66.66%\">\n<p><a href=\"http:\/\/kgv-nikolausberg.de\" data-type=\"link\" data-id=\"http:\/\/kgv-nikolausberg.de\" target=\"_blank\" rel=\"noreferrer noopener\">Kleing\u00e4rtnerverein Nikolausberg e.V.<\/a><\/p>\n<\/div>\n<\/div>\n\n\n\n<div class=\"wp-block-media-text\" style=\"grid-template-columns:28% auto\"><figure class=\"wp-block-media-text__media\"><img loading=\"lazy\" decoding=\"async\" width=\"512\" height=\"512\" src=\"http:\/\/wp.heimatverein-nikolausberg.de\/wp-content\/uploads\/2025\/07\/feuerwehr-logo-512-512-px.png\" alt=\"\" class=\"wp-image-101 size-full\" srcset=\"https:\/\/www.heimatverein-nikolausberg.de\/wp-content\/uploads\/2025\/07\/feuerwehr-logo-512-512-px.png 512w, https:\/\/www.heimatverein-nikolausberg.de\/wp-content\/uploads\/2025\/07\/feuerwehr-logo-512-512-px-300x300.png 300w, https:\/\/www.heimatverein-nikolausberg.de\/wp-content\/uploads\/2025\/07\/feuerwehr-logo-512-512-px-150x150.png 150w\" sizes=\"auto, (max-width: 512px) 100vw, 512px\" \/><\/figure><div class=\"wp-block-media-text__content\">\n<p><a href=\"https:\/\/feuerwehr.goettingen.de\/portal\/seiten\/freiwillige-feuerwehr-900000528-25480.html\" target=\"_blank\" rel=\"noreferrer noopener\">Ortsfeuerwehr Nikolausberg<\/a><\/p>\n<\/div><\/div>\n\n\n\n<div class=\"wp-block-media-text\" style=\"grid-template-columns:26% auto\"><figure class=\"wp-block-media-text__media\"><img loading=\"lazy\" decoding=\"async\" width=\"512\" height=\"512\" src=\"http:\/\/wp.heimatverein-nikolausberg.de\/wp-content\/uploads\/2025\/07\/zahnarzt-suermann-logo-512-512-px.png\" alt=\"\" class=\"wp-image-111 size-full\" srcset=\"https:\/\/www.heimatverein-nikolausberg.de\/wp-content\/uploads\/2025\/07\/zahnarzt-suermann-logo-512-512-px.png 512w, https:\/\/www.heimatverein-nikolausberg.de\/wp-content\/uploads\/2025\/07\/zahnarzt-suermann-logo-512-512-px-300x300.png 300w, https:\/\/www.heimatverein-nikolausberg.de\/wp-content\/uploads\/2025\/07\/zahnarzt-suermann-logo-512-512-px-150x150.png 150w\" sizes=\"auto, (max-width: 512px) 100vw, 512px\" \/><\/figure><div class=\"wp-block-media-text__content\">\n<p><a href=\"https:\/\/www.zahnarzt-suermann-nikolausberg.de\/\" target=\"_blank\" rel=\"noreferrer noopener\">Zahn\u00e4rzte Dres. Klaus und Hiltrud S\u00fcrmann<\/a><\/p>\n<\/div><\/div>\n\n\n\n<div class=\"wp-block-media-text\" style=\"grid-template-columns:26% auto\"><figure class=\"wp-block-media-text__media\"><img loading=\"lazy\" decoding=\"async\" width=\"512\" height=\"512\" src=\"http:\/\/wp.heimatverein-nikolausberg.de\/wp-content\/uploads\/2025\/07\/hausarztpraxis-logo-512-512-px-1.png\" alt=\"\" class=\"wp-image-115 size-full\" srcset=\"https:\/\/www.heimatverein-nikolausberg.de\/wp-content\/uploads\/2025\/07\/hausarztpraxis-logo-512-512-px-1.png 512w, https:\/\/www.heimatverein-nikolausberg.de\/wp-content\/uploads\/2025\/07\/hausarztpraxis-logo-512-512-px-1-300x300.png 300w, https:\/\/www.heimatverein-nikolausberg.de\/wp-content\/uploads\/2025\/07\/hausarztpraxis-logo-512-512-px-1-150x150.png 150w\" sizes=\"auto, (max-width: 512px) 100vw, 512px\" \/><\/figure><div class=\"wp-block-media-text__content\">\n<p><a href=\"https:\/\/hausarztpraxis-nikolausberg.de\" target=\"_blank\" rel=\"noreferrer noopener\">Hausarztpraxis <\/a><a href=\"https:\/\/hausarztpraxis-nikolausberg.de\" target=\"_blank\" rel=\"noreferrer noopener\">Nikolausberg <\/a><a href=\"https:\/\/hausarztpraxis-nikolausberg.de\" target=\"_blank\" rel=\"noreferrer noopener\">Dres. Andreas Steiner, Carolin Schmidt, Marianne L\u00fcckerath<\/a><\/p>\n<\/div><\/div>\n\n\n\n<div class=\"wp-block-media-text\" style=\"grid-template-columns:25% auto\"><figure class=\"wp-block-media-text__media\"><img loading=\"lazy\" decoding=\"async\" width=\"512\" height=\"512\" src=\"http:\/\/wp.heimatverein-nikolausberg.de\/wp-content\/uploads\/2025\/07\/gemeindepflegedienst-logo-512-512-px.png\" alt=\"\" class=\"wp-image-114 size-full\" srcset=\"https:\/\/www.heimatverein-nikolausberg.de\/wp-content\/uploads\/2025\/07\/gemeindepflegedienst-logo-512-512-px.png 512w, https:\/\/www.heimatverein-nikolausberg.de\/wp-content\/uploads\/2025\/07\/gemeindepflegedienst-logo-512-512-px-300x300.png 300w, https:\/\/www.heimatverein-nikolausberg.de\/wp-content\/uploads\/2025\/07\/gemeindepflegedienst-logo-512-512-px-150x150.png 150w\" sizes=\"auto, (max-width: 512px) 100vw, 512px\" \/><\/figure><div class=\"wp-block-media-text__content\">\n<p><a href=\"http:\/\/gpd-goe-nord.jimdofree.com\" target=\"_blank\" rel=\"noreferrer noopener\">Gemeindepflegedienst Nord e.V.<\/a><\/p>\n<\/div><\/div>\n\n\n\n<div class=\"wp-block-media-text\" style=\"grid-template-columns:25% auto\"><figure class=\"wp-block-media-text__media\"><img loading=\"lazy\" decoding=\"async\" width=\"512\" height=\"512\" src=\"http:\/\/wp.heimatverein-nikolausberg.de\/wp-content\/uploads\/2025\/07\/phsio-noetzel-logo-512-512-px.png\" alt=\"\" class=\"wp-image-109 size-full\" srcset=\"https:\/\/www.heimatverein-nikolausberg.de\/wp-content\/uploads\/2025\/07\/phsio-noetzel-logo-512-512-px.png 512w, https:\/\/www.heimatverein-nikolausberg.de\/wp-content\/uploads\/2025\/07\/phsio-noetzel-logo-512-512-px-300x300.png 300w, https:\/\/www.heimatverein-nikolausberg.de\/wp-content\/uploads\/2025\/07\/phsio-noetzel-logo-512-512-px-150x150.png 150w\" sizes=\"auto, (max-width: 512px) 100vw, 512px\" \/><\/figure><div class=\"wp-block-media-text__content\">\n<p><a href=\"https:\/\/physiotherapie-am-Klosterpark.de\" target=\"_blank\" rel=\"noreferrer noopener\">Physiotherapie am Klosterpark &#8211; Sabine N\u00f6tzel<\/a><\/p>\n<\/div><\/div>\n\n\n\n<div class=\"wp-block-media-text\" style=\"grid-template-columns:25% auto\"><figure class=\"wp-block-media-text__media\"><img loading=\"lazy\" decoding=\"async\" width=\"512\" height=\"512\" src=\"http:\/\/wp.heimatverein-nikolausberg.de\/wp-content\/uploads\/2025\/07\/hermann-logo-512-512-px.png\" alt=\"\" class=\"wp-image-94 size-full\" srcset=\"https:\/\/www.heimatverein-nikolausberg.de\/wp-content\/uploads\/2025\/07\/hermann-logo-512-512-px.png 512w, https:\/\/www.heimatverein-nikolausberg.de\/wp-content\/uploads\/2025\/07\/hermann-logo-512-512-px-300x300.png 300w, https:\/\/www.heimatverein-nikolausberg.de\/wp-content\/uploads\/2025\/07\/hermann-logo-512-512-px-150x150.png 150w\" sizes=\"auto, (max-width: 512px) 100vw, 512px\" \/><\/figure><div class=\"wp-block-media-text__content\">\n<p><a href=\"http:\/\/baeckereihermann.de\" target=\"_blank\" rel=\"noreferrer noopener\">B\u00e4ckerei Hermann<\/a><\/p>\n<\/div><\/div>\n\n\n\n<div class=\"wp-block-media-text\" style=\"grid-template-columns:26% auto\"><figure class=\"wp-block-media-text__media\"><img loading=\"lazy\" decoding=\"async\" width=\"512\" height=\"512\" src=\"http:\/\/wp.heimatverein-nikolausberg.de\/wp-content\/uploads\/2025\/07\/kuester-logo-512-512-px.png\" alt=\"\" class=\"wp-image-105 size-full\" srcset=\"https:\/\/www.heimatverein-nikolausberg.de\/wp-content\/uploads\/2025\/07\/kuester-logo-512-512-px.png 512w, https:\/\/www.heimatverein-nikolausberg.de\/wp-content\/uploads\/2025\/07\/kuester-logo-512-512-px-300x300.png 300w, https:\/\/www.heimatverein-nikolausberg.de\/wp-content\/uploads\/2025\/07\/kuester-logo-512-512-px-150x150.png 150w\" sizes=\"auto, (max-width: 512px) 100vw, 512px\" \/><\/figure><div class=\"wp-block-media-text__content\">\n<p><a href=\"http:\/\/kuester.de\" target=\"_blank\" rel=\"noreferrer noopener\">B\u00e4ckerei K\u00fcster<\/a><\/p>\n<\/div><\/div>\n\n\n\n<div class=\"wp-block-media-text\" style=\"grid-template-columns:25% auto\"><figure class=\"wp-block-media-text__media\"><a href=\"https:\/\/www.heimatverein-nikolausberg.de\/wp-content\/uploads\/2025\/07\/edeka-logo-512-512-px.png\"><img loading=\"lazy\" decoding=\"async\" width=\"512\" height=\"512\" src=\"http:\/\/wp.heimatverein-nikolausberg.de\/wp-content\/uploads\/2025\/07\/edeka-logo-512-512-px.png\" alt=\"\" class=\"wp-image-100 size-full\" srcset=\"https:\/\/www.heimatverein-nikolausberg.de\/wp-content\/uploads\/2025\/07\/edeka-logo-512-512-px.png 512w, https:\/\/www.heimatverein-nikolausberg.de\/wp-content\/uploads\/2025\/07\/edeka-logo-512-512-px-300x300.png 300w, https:\/\/www.heimatverein-nikolausberg.de\/wp-content\/uploads\/2025\/07\/edeka-logo-512-512-px-150x150.png 150w\" sizes=\"auto, (max-width: 512px) 100vw, 512px\" \/><\/a><\/figure><div class=\"wp-block-media-text__content\">\n<p><a href=\"http:\/\/edeka-nikolausberg.de\" target=\"_blank\" rel=\"noreferrer noopener\">Edekamarkt Jens Scholz<\/a><\/p>\n<\/div><\/div>\n\n\n\n<div class=\"wp-block-media-text\" style=\"grid-template-columns:25% auto\"><figure class=\"wp-block-media-text__media\"><a href=\"http:\/\/www.heimatverein-nikolausberg.de\/wp-content\/uploads\/2025\/12\/LogoHerwigsHofladen.jpg\"><img loading=\"lazy\" decoding=\"async\" width=\"150\" height=\"150\" src=\"http:\/\/www.heimatverein-nikolausberg.de\/wp-content\/uploads\/2025\/12\/LogoHerwigsHofladen.jpg\" alt=\"\" class=\"wp-image-1068 size-full\"\/><\/a><\/figure><div class=\"wp-block-media-text__content\">\n<p><a href=\"https:\/\/www.instagram.com\/herwigshofladen\" target=\"_blank\" rel=\"noreferrer noopener\">Herwig&#8217;s Hofladen<\/a><\/p>\n<\/div><\/div>\n\n\n\n<p class=\"has-text-align-left\"><\/p>\n\n\n\n<div class=\"wp-block-media-text\" style=\"grid-template-columns:27% auto\"><figure class=\"wp-block-media-text__media\"><img loading=\"lazy\" decoding=\"async\" width=\"512\" height=\"512\" src=\"http:\/\/wp.heimatverein-nikolausberg.de\/wp-content\/uploads\/2025\/07\/beckmann-logo-512-512-px.png\" alt=\"\" class=\"wp-image-99 size-full\" srcset=\"https:\/\/www.heimatverein-nikolausberg.de\/wp-content\/uploads\/2025\/07\/beckmann-logo-512-512-px.png 512w, https:\/\/www.heimatverein-nikolausberg.de\/wp-content\/uploads\/2025\/07\/beckmann-logo-512-512-px-300x300.png 300w, https:\/\/www.heimatverein-nikolausberg.de\/wp-content\/uploads\/2025\/07\/beckmann-logo-512-512-px-150x150.png 150w\" sizes=\"auto, (max-width: 512px) 100vw, 512px\" \/><\/figure><div class=\"wp-block-media-text__content\">\n<p><a href=\"http:\/\/hotel-beckmann.de\" target=\"_blank\" rel=\"noreferrer noopener\">Hotel Beckmann<\/a><\/p>\n<\/div><\/div>\n\n\n\n<div class=\"wp-block-media-text\" style=\"grid-template-columns:27% auto\"><figure class=\"wp-block-media-text__media\"><img loading=\"lazy\" decoding=\"async\" width=\"512\" height=\"512\" src=\"http:\/\/wp.heimatverein-nikolausberg.de\/wp-content\/uploads\/2025\/07\/kuckuck-logo-512-512-px.png\" alt=\"\" class=\"wp-image-104 size-full\" srcset=\"https:\/\/www.heimatverein-nikolausberg.de\/wp-content\/uploads\/2025\/07\/kuckuck-logo-512-512-px.png 512w, https:\/\/www.heimatverein-nikolausberg.de\/wp-content\/uploads\/2025\/07\/kuckuck-logo-512-512-px-300x300.png 300w, https:\/\/www.heimatverein-nikolausberg.de\/wp-content\/uploads\/2025\/07\/kuckuck-logo-512-512-px-150x150.png 150w\" sizes=\"auto, (max-width: 512px) 100vw, 512px\" \/><\/figure><div class=\"wp-block-media-text__content\">\n<p><a href=\"http:\/\/restaurant-kuckuck.de\" target=\"_blank\" rel=\"noreferrer noopener\">Restaurant Kuckuck<\/a><\/p>\n<\/div><\/div>\n\n\n\n<div class=\"wp-block-media-text\" style=\"grid-template-columns:27% auto\"><figure class=\"wp-block-media-text__media\"><img loading=\"lazy\" decoding=\"async\" width=\"512\" height=\"512\" src=\"http:\/\/wp.heimatverein-nikolausberg.de\/wp-content\/uploads\/2025\/07\/hermeier-logo-512-512-px.png\" alt=\"\" class=\"wp-image-117 size-full\" srcset=\"https:\/\/www.heimatverein-nikolausberg.de\/wp-content\/uploads\/2025\/07\/hermeier-logo-512-512-px.png 512w, https:\/\/www.heimatverein-nikolausberg.de\/wp-content\/uploads\/2025\/07\/hermeier-logo-512-512-px-300x300.png 300w, https:\/\/www.heimatverein-nikolausberg.de\/wp-content\/uploads\/2025\/07\/hermeier-logo-512-512-px-150x150.png 150w\" sizes=\"auto, (max-width: 512px) 100vw, 512px\" \/><\/figure><div class=\"wp-block-media-text__content\">\n<p><a href=\"http:\/\/kfz-hermeier.de\" target=\"_blank\" rel=\"noreferrer noopener\">KFZ-Meisterbetrieb Joachim Hermeier<\/a><\/p>\n<\/div><\/div>\n\n\n\n<div class=\"wp-block-media-text\" style=\"grid-template-columns:29% auto\"><figure class=\"wp-block-media-text__media\"><img loading=\"lazy\" decoding=\"async\" width=\"512\" height=\"512\" src=\"http:\/\/wp.heimatverein-nikolausberg.de\/wp-content\/uploads\/2025\/07\/kita-logo-512-512-px.png\" alt=\"\" class=\"wp-image-103 size-full\" srcset=\"https:\/\/www.heimatverein-nikolausberg.de\/wp-content\/uploads\/2025\/07\/kita-logo-512-512-px.png 512w, https:\/\/www.heimatverein-nikolausberg.de\/wp-content\/uploads\/2025\/07\/kita-logo-512-512-px-300x300.png 300w, https:\/\/www.heimatverein-nikolausberg.de\/wp-content\/uploads\/2025\/07\/kita-logo-512-512-px-150x150.png 150w\" sizes=\"auto, (max-width: 512px) 100vw, 512px\" \/><\/figure><div class=\"wp-block-media-text__content\">\n<p><a href=\"http:\/\/kita-nikolausberg-baumhaus.wir-e.de\" target=\"_blank\" rel=\"noreferrer noopener\">Ev. KITA Baumhaus<\/a><\/p>\n<\/div><\/div>\n\n\n\n<div class=\"wp-block-media-text\" style=\"grid-template-columns:30% auto\"><figure class=\"wp-block-media-text__media\"><img loading=\"lazy\" decoding=\"async\" width=\"512\" height=\"512\" src=\"http:\/\/wp.heimatverein-nikolausberg.de\/wp-content\/uploads\/2025\/07\/kirchengemeinde-512-512-px.png\" alt=\"\" class=\"wp-image-102 size-full\" srcset=\"https:\/\/www.heimatverein-nikolausberg.de\/wp-content\/uploads\/2025\/07\/kirchengemeinde-512-512-px.png 512w, https:\/\/www.heimatverein-nikolausberg.de\/wp-content\/uploads\/2025\/07\/kirchengemeinde-512-512-px-300x300.png 300w, https:\/\/www.heimatverein-nikolausberg.de\/wp-content\/uploads\/2025\/07\/kirchengemeinde-512-512-px-150x150.png 150w\" sizes=\"auto, (max-width: 512px) 100vw, 512px\" \/><\/figure><div class=\"wp-block-media-text__content\">\n<p><a href=\"http:\/\/nikolausberg.wir-e.de\" target=\"_blank\" rel=\"noreferrer noopener\">Kirchengemeinde Nikolausberg<\/a><\/p>\n<\/div><\/div>\n\n\n\n<div class=\"wp-block-media-text\" style=\"grid-template-columns:29% auto\"><figure class=\"wp-block-media-text__media\"><img loading=\"lazy\" decoding=\"async\" width=\"512\" height=\"512\" src=\"http:\/\/wp.heimatverein-nikolausberg.de\/wp-content\/uploads\/2025\/07\/nikolausstiftung-logo-512-512-px.png\" alt=\"\" class=\"wp-image-107 size-full\" srcset=\"https:\/\/www.heimatverein-nikolausberg.de\/wp-content\/uploads\/2025\/07\/nikolausstiftung-logo-512-512-px.png 512w, https:\/\/www.heimatverein-nikolausberg.de\/wp-content\/uploads\/2025\/07\/nikolausstiftung-logo-512-512-px-300x300.png 300w, https:\/\/www.heimatverein-nikolausberg.de\/wp-content\/uploads\/2025\/07\/nikolausstiftung-logo-512-512-px-150x150.png 150w\" sizes=\"auto, (max-width: 512px) 100vw, 512px\" \/><\/figure><div class=\"wp-block-media-text__content\">\n<p><a href=\"http:\/\/nikolaus-stiftung.wir-e.de\" target=\"_blank\" rel=\"noreferrer noopener\">Nikolausstiftung<\/a><\/p>\n<\/div><\/div>\n\n\n\n<div class=\"wp-block-media-text\" style=\"grid-template-columns:30% auto\"><figure class=\"wp-block-media-text__media\"><img loading=\"lazy\" decoding=\"async\" width=\"512\" height=\"512\" src=\"http:\/\/wp.heimatverein-nikolausberg.de\/wp-content\/uploads\/2025\/07\/musiktage-logo-512-512-px.png\" alt=\"\" class=\"wp-image-106 size-full\" srcset=\"https:\/\/www.heimatverein-nikolausberg.de\/wp-content\/uploads\/2025\/07\/musiktage-logo-512-512-px.png 512w, https:\/\/www.heimatverein-nikolausberg.de\/wp-content\/uploads\/2025\/07\/musiktage-logo-512-512-px-300x300.png 300w, https:\/\/www.heimatverein-nikolausberg.de\/wp-content\/uploads\/2025\/07\/musiktage-logo-512-512-px-150x150.png 150w\" sizes=\"auto, (max-width: 512px) 100vw, 512px\" \/><\/figure><div class=\"wp-block-media-text__content\">\n<p><a href=\"http:\/\/musik-nikolausberg.wir-e.de\" target=\"_blank\" rel=\"noreferrer noopener\">Musik in der Klosterkirche<\/a><\/p>\n<\/div><\/div>\n\n\n\n<div class=\"wp-block-media-text\" style=\"grid-template-columns:30% auto\"><figure class=\"wp-block-media-text__media\"><img loading=\"lazy\" decoding=\"async\" width=\"512\" height=\"512\" src=\"http:\/\/wp.heimatverein-nikolausberg.de\/wp-content\/uploads\/2025\/07\/jks-logo-512-512-px.png\" alt=\"\" class=\"wp-image-118 size-full\" srcset=\"https:\/\/www.heimatverein-nikolausberg.de\/wp-content\/uploads\/2025\/07\/jks-logo-512-512-px.png 512w, https:\/\/www.heimatverein-nikolausberg.de\/wp-content\/uploads\/2025\/07\/jks-logo-512-512-px-300x300.png 300w, https:\/\/www.heimatverein-nikolausberg.de\/wp-content\/uploads\/2025\/07\/jks-logo-512-512-px-150x150.png 150w\" sizes=\"auto, (max-width: 512px) 100vw, 512px\" \/><\/figure><div class=\"wp-block-media-text__content\">\n<p><a href=\"http:\/\/jks-goettingen.de\" target=\"_blank\" rel=\"noreferrer noopener\">Janusz-Korczak-Grundschule<\/a><\/p>\n<\/div><\/div>\n\n\n\n<div class=\"wp-block-media-text\" style=\"grid-template-columns:31% auto\"><figure class=\"wp-block-media-text__media\"><img loading=\"lazy\" decoding=\"async\" width=\"512\" height=\"512\" src=\"http:\/\/wp.heimatverein-nikolausberg.de\/wp-content\/uploads\/2025\/07\/stadt-goettingen-512-512-px.png\" alt=\"\" class=\"wp-image-110 size-full\" srcset=\"https:\/\/www.heimatverein-nikolausberg.de\/wp-content\/uploads\/2025\/07\/stadt-goettingen-512-512-px.png 512w, https:\/\/www.heimatverein-nikolausberg.de\/wp-content\/uploads\/2025\/07\/stadt-goettingen-512-512-px-300x300.png 300w, https:\/\/www.heimatverein-nikolausberg.de\/wp-content\/uploads\/2025\/07\/stadt-goettingen-512-512-px-150x150.png 150w\" sizes=\"auto, (max-width: 512px) 100vw, 512px\" \/><\/figure><div class=\"wp-block-media-text__content\">\n<p><a href=\"http:\/\/goettingen.de\/allris\/gr020?GRLFDNR=42\" target=\"_blank\" rel=\"noreferrer noopener\">Ortsrat Nikolausberg<\/a><\/p>\n<\/div><\/div>\n\n\n\n<div class=\"wp-block-media-text\" style=\"grid-template-columns:31% auto\"><figure class=\"wp-block-media-text__media\"><img loading=\"lazy\" decoding=\"async\" width=\"512\" height=\"512\" src=\"http:\/\/wp.heimatverein-nikolausberg.de\/wp-content\/uploads\/2025\/07\/stadt-goettingen-512-512-px.png\" alt=\"\" class=\"wp-image-110 size-full\" srcset=\"https:\/\/www.heimatverein-nikolausberg.de\/wp-content\/uploads\/2025\/07\/stadt-goettingen-512-512-px.png 512w, https:\/\/www.heimatverein-nikolausberg.de\/wp-content\/uploads\/2025\/07\/stadt-goettingen-512-512-px-300x300.png 300w, https:\/\/www.heimatverein-nikolausberg.de\/wp-content\/uploads\/2025\/07\/stadt-goettingen-512-512-px-150x150.png 150w\" sizes=\"auto, (max-width: 512px) 100vw, 512px\" \/><\/figure><div class=\"wp-block-media-text__content\">\n<p><a href=\"http:\/\/stadtbibliothek.goettingen.de\/Bibliotheken\/Nikolausberg\" target=\"_blank\" rel=\"noreferrer noopener\">Stadtbibliothek Nikolausberg<\/a><\/p>\n<\/div><\/div>\n\n\n\n<p><\/p>\n","protected":false},"excerpt":{"rendered":"<p>Nachstehend m\u00f6chten wir zu lokalen Unternehmen, Gesch\u00e4ften, Einrichtungen und Organisationen verbinden. Wir alle tragen das Leben in unserem Ortsteil. Seien Sie dabei, kommen Sie zu uns: Nikolausberger Sport Club (NSC) e.V. Freibad des NSC Kleing\u00e4rtnerverein Nikolausberg e.V. Ortsfeuerwehr Nikolausberg Zahn\u00e4rzte Dres. Klaus und Hiltrud S\u00fcrmann Hausarztpraxis Nikolausberg Dres. Andreas Steiner, Carolin Schmidt, Marianne L\u00fcckerath Gemeindepflegedienst [&hellip;]<\/p>\n","protected":false},"author":3,"featured_media":0,"parent":0,"menu_order":0,"comment_status":"closed","ping_status":"closed","template":"","meta":{"footnotes":""},"class_list":["post-138","page","type-page","status-publish","hentry"],"_links":{"self":[{"href":"https:\/\/www.heimatverein-nikolausberg.de\/index.php\/wp-json\/wp\/v2\/pages\/138","targetHints":{"allow":["GET"]}}],"collection":[{"href":"https:\/\/www.heimatverein-nikolausberg.de\/index.php\/wp-json\/wp\/v2\/pages"}],"about":[{"href":"https:\/\/www.heimatverein-nikolausberg.de\/index.php\/wp-json\/wp\/v2\/types\/page"}],"author":[{"embeddable":true,"href":"https:\/\/www.heimatverein-nikolausberg.de\/index.php\/wp-json\/wp\/v2\/users\/3"}],"replies":[{"embeddable":true,"href":"https:\/\/www.heimatverein-nikolausberg.de\/index.php\/wp-json\/wp\/v2\/comments?post=138"}],"version-history":[{"count":63,"href":"https:\/\/www.heimatverein-nikolausberg.de\/index.php\/wp-json\/wp\/v2\/pages\/138\/revisions"}],"predecessor-version":[{"id":1093,"href":"https:\/\/www.heimatverein-nikolausberg.de\/index.php\/wp-json\/wp\/v2\/pages\/138\/revisions\/1093"}],"wp:attachment":[{"href":"https:\/\/www.heimatverein-nikolausberg.de\/index.php\/wp-json\/wp\/v2\/media?parent=138"}],"curies":[{"name":"wp","href":"https:\/\/api.w.org\/{rel}","templated":true}]}}