{"id":747,"date":"2025-09-15T14:21:38","date_gmt":"2025-09-15T12:21:38","guid":{"rendered":"http:\/\/wp.heimatverein-nikolausberg.de\/?page_id=747"},"modified":"2026-02-05T16:16:59","modified_gmt":"2026-02-05T15:16:59","slug":"downloads","status":"publish","type":"page","link":"http:\/\/www.heimatverein-nikolausberg.de\/index.php\/downloads","title":{"rendered":"Downloads"},"content":{"rendered":"<p><!-- whttps:\/\/www.heimatverein-nikolausberg.de\/wp-contentp:media-text {\"mediaId\":767,\"mediaLink\":\"https:\/\/www.heimatverein-nikolausberg.de\/index.php\/downloads\/broschuere-niedrig_1\",\"linkDestination\":\"custom\",\"mediaType\":\"image\",\"mediaWidth\":25,\"isStackedOnMobile\":false,\"className\":\"no-linkicon\"} --><\/p>\n<div class=\"wp-block-media-text no-linkicon\" style=\"grid-template-columns:25% auto\">\n<figure class=\"wp-block-media-text__media\"><a href=\"https:\/\/www.heimatverein-nikolausberg.de\/wp-content\/uploads\/2025\/09\/Broschuere-niedrig.pdf\" target=\"_blank\" rel=\" noreferrer noopener\"><img loading=\"lazy\" decoding=\"async\" width=\"512\" height=\"722\" src=\"https:\/\/www.heimatverein-nikolausberg.de\/wp-content\/uploads\/2025\/09\/broschuere-niedrig_1.png\" alt=\"\" class=\"wp-image-767 size-full\" srcset=\"http:\/\/www.heimatverein-nikolausberg.de\/wp-content\/uploads\/2025\/09\/broschuere-niedrig_1.png 512w, http:\/\/www.heimatverein-nikolausberg.de\/wp-content\/uploads\/2025\/09\/broschuere-niedrig_1-213x300.png 213w\" sizes=\"auto, (max-width: 512px) 100vw, 512px\" \/><\/a><\/figure>\n<div class=\"wp-block-media-text__content\">\n\n\n<p><a href=\"https:\/\/www.heimatverein-nikolausberg.de\/wp-content\/uploads\/2025\/09\/Broschuere-niedrig.pdf\" data-type=\"link\" data-id=\"https:\/\/www.heimatverein-nikolausberg.de\/wp-content\/uploads\/2025\/09\/Broschuere-niedrig.pdf\" target=\"_blank\" rel=\"noreferrer noopener\">Mit dem Heimatverein &#8222;Unterwegs in Nikolausberg&#8220;<\/a><\/p>\n\n\n<p><!-- \/wp:post-content --><\/p>\n<p><!-- wp:spacer {\"height\":\"60px\"} --><\/p>\n<div class=\"wp-block-spacer\" style=\"height: 60px;\" aria-hidden=\"true\">\u00a0<\/div>\n<p><!-- \/wp:spacer --><\/p>\n<p><!-- wp:media-text {\"mediaId\":771,\"mediaLink\":\"https:\/\/www.heimatverein-nikolausberg.de\/index.php\/downloads\/museum-nikolausberg\",\"linkDestination\":\"custom\",\"mediaType\":\"image\",\"mediaWidth\":25,\"isStackedOnMobile\":false,\"className\":\"no-linkicon\"} --><\/p>\n<div class=\"wp-block-media-text no-linkicon\" style=\"grid-template-columns: 25% auto;\">\n<figure class=\"wp-block-media-text__media\"><a href=\"https:\/\/www.heimatverein-nikolausberg.de\/wp-content\/uploads\/2025\/09\/MuseumsbroschuereNiko-Druck-niedrig.pdf\" target=\"_blank\" rel=\"noreferrer noopener\"><img loading=\"lazy\" decoding=\"async\" width=\"512\" height=\"722\" class=\"wp-image-771 size-full\" src=\"https:\/\/www.heimatverein-nikolausberg.de\/wp-content\/uploads\/2025\/09\/museum-nikolausberg.png\" alt=\"\" srcset=\"http:\/\/www.heimatverein-nikolausberg.de\/wp-content\/uploads\/2025\/09\/museum-nikolausberg.png 512w, http:\/\/www.heimatverein-nikolausberg.de\/wp-content\/uploads\/2025\/09\/museum-nikolausberg-213x300.png 213w\" sizes=\"auto, (max-width: 512px) 100vw, 512px\" \/><\/a><\/figure>\n<div class=\"wp-block-media-text__content\"><!-- wp:paragraph {\"placeholder\":\"Inhalt\u00a0\u2026\",\"className\":\"\"} -->\n<p><a href=\"https:\/\/www.heimatverein-nikolausberg.de\/wp-content\/uploads\/2025\/09\/MuseumsbroschuereNiko-Druck-niedrig.pdf\" target=\"_blank\" rel=\"noreferrer noopener\" data-type=\"link\" data-id=\"https:\/\/www.heimatverein-nikolausberg.de\/wp-content\/uploads\/2025\/09\/MuseumsbroschuereNiko-Druck-niedrig.pdf\">&#8222;Muskr\u00fccke und Schusterkugel&#8220; Eine Entdeckungseise durch das Heimatmuseum<\/a><\/p>\n<p><!-- \/wp:paragraph --><\/p>\n<\/div>\n<\/div>\n<p><!-- \/wp:media-text --><\/p>\n<p><!-- wp:spacer {\"height\":\"50px\"} --><\/p>\n<div class=\"wp-block-spacer\" style=\"height: 50px;\" aria-hidden=\"true\">\u00a0<\/div>\n<p><!-- \/wp:spacer --><\/p>\n<p><!-- wp:media-text {\"mediaId\":775,\"mediaLink\":\"https:\/\/www.heimatverein-nikolausberg.de\/index.php\/downloads\/bibliothek-ortsheimatpflege\",\"linkDestination\":\"custom\",\"mediaType\":\"image\",\"mediaWidth\":24,\"isStackedOnMobile\":false,\"className\":\"no-linkicon\"} --><\/p>\n<div class=\"wp-block-media-text no-linkicon\" style=\"grid-template-columns: 24% auto;\">\n<figure class=\"wp-block-media-text__media\"><a href=\"http:\/\/www.heimatverein-nikolausberg.de\/wp-content\/uploads\/2026\/02\/Bibliothek-Ortsheimatpflege_Zus-2026-01-16.pdf\"><img loading=\"lazy\" decoding=\"async\" class=\"alignnone wp-image-1087 size-medium\" src=\"http:\/\/www.heimatverein-nikolausberg.de\/wp-content\/uploads\/2026\/02\/ortsheimatpflegeexpose-230x300.png\" alt=\"\" width=\"230\" height=\"300\" srcset=\"http:\/\/www.heimatverein-nikolausberg.de\/wp-content\/uploads\/2026\/02\/ortsheimatpflegeexpose-230x300.png 230w, http:\/\/www.heimatverein-nikolausberg.de\/wp-content\/uploads\/2026\/02\/ortsheimatpflegeexpose-768x1000.png 768w, http:\/\/www.heimatverein-nikolausberg.de\/wp-content\/uploads\/2026\/02\/ortsheimatpflegeexpose.png 777w\" sizes=\"auto, (max-width: 230px) 100vw, 230px\" \/><\/a><\/figure>\n<div class=\"wp-block-media-text__content\"><!-- wp:paragraph {\"placeholder\":\"Inhalt\u00a0\u2026\",\"className\":\"\"} -->\n<p><a href=\"http:\/\/www.heimatverein-nikolausberg.de\/wp-content\/uploads\/2026\/02\/Bibliothek-Ortsheimatpflege_Zus-2026-01-16.pdf\" target=\"_blank\" rel=\"noreferrer noopener\" data-type=\"link\" data-id=\"https:\/\/www.heimatverein-nikolausberg.de\/wp-content\/uploads\/2025\/09\/Bibliothek-Ortsheimatpflege_Zus-2025-01-29-niedrig.pdf\">Bibliotheksbestand der Ortsheimatpflege<\/a><\/p>\n<p><!-- \/wp:paragraph --><\/p>\n<\/div>\n<\/div>\n<p><!-- \/wp:media-text --><\/p>\n<p><!-- wp:media-text {\"mediaId\":776,\"mediaLink\":\"https:\/\/www.heimatverein-nikolausberg.de\/index.php\/downloads\/schubert-e-beitraege-und-erzaehlungen\",\"linkDestination\":\"custom\",\"mediaType\":\"image\",\"mediaWidth\":23,\"isStackedOnMobile\":false,\"className\":\"no-linkicon\"} --><\/p>\n<div class=\"wp-block-media-text no-linkicon\" style=\"grid-template-columns: 23% auto;\">\n<figure class=\"wp-block-media-text__media\"><a href=\"https:\/\/www.heimatverein-nikolausberg.de\/wp-content\/uploads\/2025\/09\/Schubert-E-1985-Beitraege-und-Erzaehlungen-zur-Geschichte-niedrig.pdf\" target=\"_blank\" rel=\"noreferrer noopener\"><img decoding=\"async\" class=\"wp-image-776 size-full\" src=\"https:\/\/www.heimatverein-nikolausberg.de\/wp-content\/uploads\/2025\/09\/schubert-E-beitraege-und-erzaehlungen.png\" alt=\"\" \/><\/a><\/figure>\n<div class=\"wp-block-media-text__content\"><!-- wp:paragraph {\"placeholder\":\"Inhalt\u00a0\u2026\",\"className\":\"\"} -->\n<p><a href=\"https:\/\/www.heimatverein-nikolausberg.de\/wp-content\/uploads\/2025\/09\/Schubert-E-1985-Beitraege-und-Erzaehlungen-zur-Geschichte-niedrig.pdf\" target=\"_blank\" rel=\"noreferrer noopener\" data-type=\"link\" data-id=\"https:\/\/www.heimatverein-nikolausberg.de\/wp-content\/uploads\/2025\/09\/Schubert-E-1985-Beitraege-und-Erzaehlungen-zur-Geschichte-niedrig.pdf\">Ewald Schubert (1985) &#8222;Beitr\u00e4ge und Erz\u00e4hlungen zur Geschichte eines Bergdorfs&#8220;<\/a><\/p>\n<p><!-- \/wp:paragraph --><\/p>\n<\/div>\n<\/div>\n<p><!-- \/wp:media-text --><\/p>\n<p><!-- wp:spacer {\"height\":\"50px\"} --><\/p>\n<div class=\"wp-block-spacer\" style=\"height: 50px;\" aria-hidden=\"true\">\u00a0<\/div>\n<p><!-- \/wp:spacer --><\/p>\n<p><!-- wp:media-text {\"mediaId\":780,\"mediaLink\":\"https:\/\/www.heimatverein-nikolausberg.de\/index.php\/downloads\/hv-satzung-2\",\"linkDestination\":\"custom\",\"mediaType\":\"image\",\"mediaWidth\":23,\"isStackedOnMobile\":false,\"className\":\"no-linkicon\"} --><\/p>\n<div class=\"wp-block-media-text no-linkicon\" style=\"grid-template-columns: 23% auto;\">\n<figure class=\"wp-block-media-text__media\"><a href=\"https:\/\/www.heimatverein-nikolausberg.de\/wp-content\/uploads\/2025\/09\/vorlage-hv-eintrittsantrag.pdf\" target=\"_blank\" rel=\"noreferrer noopener\"><img loading=\"lazy\" decoding=\"async\" width=\"512\" height=\"722\" class=\"wp-image-780 size-full\" src=\"https:\/\/www.heimatverein-nikolausberg.de\/wp-content\/uploads\/2025\/09\/HV-Satzung.png\" alt=\"\" srcset=\"http:\/\/www.heimatverein-nikolausberg.de\/wp-content\/uploads\/2025\/09\/HV-Satzung.png 512w, http:\/\/www.heimatverein-nikolausberg.de\/wp-content\/uploads\/2025\/09\/HV-Satzung-213x300.png 213w\" sizes=\"auto, (max-width: 512px) 100vw, 512px\" \/><\/a><\/figure>\n<div class=\"wp-block-media-text__content\"><!-- wp:paragraph {\"placeholder\":\"Inhalt\u00a0\u2026\",\"className\":\"\"} -->\n<p><a href=\"https:\/\/www.heimatverein-nikolausberg.de\/wp-content\/uploads\/2025\/09\/vorlage-hv-eintrittsantrag.pdf\" target=\"_blank\" rel=\"noreferrer noopener\" data-type=\"link\" data-id=\"https:\/\/www.heimatverein-nikolausberg.de\/wp-content\/uploads\/2025\/09\/vorlage-hv-eintrittsantrag.pdf\">Heimatverein &#8222;Eintrittserkl\u00e4rung&#8220;<\/a><\/p>\n<p><!-- \/wp:paragraph --><\/p>\n<\/div>\n<\/div>\n<p><!-- \/wp:media-text --><\/p>\n<p><!-- wp:spacer {\"height\":\"50px\"} --><\/p>\n<div class=\"wp-block-spacer\" style=\"height: 50px;\" aria-hidden=\"true\">\u00a0<\/div>\n<p><!-- \/wp:spacer --><\/p>\n<p><!-- wp:media-text {\"mediaId\":782,\"mediaLink\":\"https:\/\/www.heimatverein-nikolausberg.de\/index.php\/downloads\/hv-satzung-4\",\"linkDestination\":\"custom\",\"mediaType\":\"image\",\"mediaWidth\":23,\"isStackedOnMobile\":false,\"className\":\"no-linkicon\"} --><\/p>\n<div class=\"wp-block-media-text no-linkicon\" style=\"grid-template-columns: 23% auto;\">\n<figure class=\"wp-block-media-text__media\"><a href=\"https:\/\/www.heimatverein-nikolausberg.de\/wp-content\/uploads\/2025\/09\/hv-satzung.pdf\" target=\"_blank\" rel=\"noreferrer noopener\"><img loading=\"lazy\" decoding=\"async\" width=\"512\" height=\"722\" class=\"wp-image-782 size-full\" src=\"https:\/\/www.heimatverein-nikolausberg.de\/wp-content\/uploads\/2025\/09\/hv-satzung-1.png\" alt=\"\" srcset=\"http:\/\/www.heimatverein-nikolausberg.de\/wp-content\/uploads\/2025\/09\/hv-satzung-1.png 512w, http:\/\/www.heimatverein-nikolausberg.de\/wp-content\/uploads\/2025\/09\/hv-satzung-1-213x300.png 213w\" sizes=\"auto, (max-width: 512px) 100vw, 512px\" \/><\/a><\/figure>\n<div class=\"wp-block-media-text__content\"><!-- wp:paragraph {\"placeholder\":\"Inhalt\u00a0\u2026\",\"className\":\"\"} -->\n<p><a href=\"https:\/\/www.heimatverein-nikolausberg.de\/wp-content\/uploads\/2025\/09\/hv-satzung.pdf\" target=\"_blank\" rel=\"noreferrer noopener\" data-type=\"link\" data-id=\"https:\/\/www.heimatverein-nikolausberg.de\/wp-content\/uploads\/2025\/09\/hv-satzung.pdf\">Heimatverein &#8222;Satzung&#8220;<\/a><\/p>\n<p><!-- \/wp:paragraph --><\/p>\n<\/div>\n<\/div>\n<p><!-- \/wp:media-text --><\/p>\n<p><!-- wp:paragraph {\"fontSize\":\"medium\"} --><\/p>\n<p class=\"has-medium-font-size\"><strong>Textauswahl<\/strong><\/p>\n<p><!-- \/wp:paragraph --><\/p>\n<p><!-- wp:paragraph {\"fontSize\":\"small\"} --><\/p>\n<p class=\"has-small-font-size\">Buch E. Schubert Download: &#8222;<a href=\"https:\/\/www.heimatverein-nikolausberg.de\/wp-content\/uploads\/2025\/09\/Schubert-E-1985-Beitraege-und-Erzaehlungen-zur-Geschichte-niedrig.pdf\" target=\"_blank\" rel=\"noreferrer noopener\" data-type=\"attachment\" data-id=\"758\">Beitr\u00e4ge und Erz\u00e4hlungen zur Geschichte<\/a>&#8222;<br \/>Bibliothek Download: &#8222;<a href=\"https:\/\/www.heimatverein-nikolausberg.de\/wp-content\/uploads\/2025\/09\/Bibliothek-Ortsheimatpflege_Zus-2025-01-29-niedrig.pdf\" target=\"_blank\" rel=\"noreferrer noopener\" data-type=\"attachment\" data-id=\"759\">Ortsheimatpflege<\/a>&#8220; <br \/>Brosch\u00fcre Download: &#8222;<a href=\"https:\/\/www.heimatverein-nikolausberg.de\/wp-content\/uploads\/2025\/09\/MuseumsbroschuereNiko-Druck-niedrig.pdf\" target=\"_blank\" rel=\"noreferrer noopener\" data-type=\"attachment\" data-id=\"761\">Muskr\u00fccke und Schusterkugel<\/a>&#8222;<br \/>Brosch\u00fcre Download &#8222;<a href=\"https:\/\/www.heimatverein-nikolausberg.de\/wp-content\/uploads\/2025\/09\/Broschuere-niedrig.pdf\" target=\"_blank\" rel=\"noreferrer noopener\" data-type=\"attachment\" data-id=\"760\">Unterwegs in Nikolausberg<\/a>&#8222;<\/p>\n<p><!-- \/wp:paragraph --><\/p>\n<p><!-- wp:paragraph {\"fontSize\":\"small\"} --><\/p>\n<p class=\"has-small-font-size\">Download: &#8222;<a href=\"https:\/\/www.heimatverein-nikolausberg.de\/wp-content\/uploads\/2025\/09\/hv-satzung.pdf\" target=\"_blank\" rel=\"noreferrer noopener\" data-type=\"attachment\" data-id=\"526\">HV-Satzung<\/a>&#8222;<br \/>Download: &#8222;<a href=\"https:\/\/www.heimatverein-nikolausberg.de\/wp-content\/uploads\/2025\/09\/vorlage-hv-eintrittsantrag.pdf\" target=\"_blank\" rel=\"noreferrer noopener\" data-type=\"attachment\" data-id=\"471\">Eintrittsformular<\/a>&#8222;<\/p>\n<p><!-- \/wp:paragraph --><\/p>\n<p><!-- wp:paragraph --><\/p>\n<p><!-- \/wp:paragraph --><\/p>","protected":false},"excerpt":{"rendered":"<p>Mit dem Heimatverein &#8222;Unterwegs in Nikolausberg&#8220; \u00a0 &#8222;Muskr\u00fccke und Schusterkugel&#8220; Eine Entdeckungseise durch das Heimatmuseum \u00a0 Bibliotheksbestand der Ortsheimatpflege Ewald Schubert (1985) &#8222;Beitr\u00e4ge und Erz\u00e4hlungen zur Geschichte eines Bergdorfs&#8220; \u00a0 Heimatverein &#8222;Eintrittserkl\u00e4rung&#8220; \u00a0 Heimatverein &#8222;Satzung&#8220; Textauswahl Buch E. Schubert Download: &#8222;Beitr\u00e4ge und Erz\u00e4hlungen zur Geschichte&#8222;Bibliothek Download: &#8222;Ortsheimatpflege&#8220; Brosch\u00fcre Download: &#8222;Muskr\u00fccke und Schusterkugel&#8222;Brosch\u00fcre Download &#8222;Unterwegs in [&hellip;]<\/p>\n","protected":false},"author":3,"featured_media":0,"parent":0,"menu_order":0,"comment_status":"closed","ping_status":"closed","template":"","meta":{"footnotes":""},"class_list":["post-747","page","type-page","status-publish","hentry"],"_links":{"self":[{"href":"http:\/\/www.heimatverein-nikolausberg.de\/index.php\/wp-json\/wp\/v2\/pages\/747","targetHints":{"allow":["GET"]}}],"collection":[{"href":"http:\/\/www.heimatverein-nikolausberg.de\/index.php\/wp-json\/wp\/v2\/pages"}],"about":[{"href":"http:\/\/www.heimatverein-nikolausberg.de\/index.php\/wp-json\/wp\/v2\/types\/page"}],"author":[{"embeddable":true,"href":"http:\/\/www.heimatverein-nikolausberg.de\/index.php\/wp-json\/wp\/v2\/users\/3"}],"replies":[{"embeddable":true,"href":"http:\/\/www.heimatverein-nikolausberg.de\/index.php\/wp-json\/wp\/v2\/comments?post=747"}],"version-history":[{"count":45,"href":"http:\/\/www.heimatverein-nikolausberg.de\/index.php\/wp-json\/wp\/v2\/pages\/747\/revisions"}],"predecessor-version":[{"id":1089,"href":"http:\/\/www.heimatverein-nikolausberg.de\/index.php\/wp-json\/wp\/v2\/pages\/747\/revisions\/1089"}],"wp:attachment":[{"href":"http:\/\/www.heimatverein-nikolausberg.de\/index.php\/wp-json\/wp\/v2\/media?parent=747"}],"curies":[{"name":"wp","href":"https:\/\/api.w.org\/{rel}","templated":true}]}}